{"id":10896,"date":"2024-09-30T12:18:51","date_gmt":"2024-09-30T10:18:51","guid":{"rendered":"https:\/\/www.camping-baden.com\/volledige-punten\/"},"modified":"2024-10-30T16:30:08","modified_gmt":"2024-10-30T15:30:08","slug":"volledige-punten","status":"publish","type":"page","link":"https:\/\/www.camping-baden.com\/nl\/volledige-punten\/","title":{"rendered":"Juridische informatie"},"content":{"rendered":"<section id=\"ls-section-block_2fbc0e93f314d76fc5ed9702dd183a93\" class=\"ls-section  home-sixth page-one\" >\r\n        <div class=\"container container--full\">\r\n        \n\n<div class=\"wp-block-columns are-vertically-aligned-center first is-layout-flex wp-container-core-columns-is-layout-9d6595d7 wp-block-columns-is-layout-flex\">\n<div class=\"wp-block-column is-vertically-aligned-center text is-layout-flow wp-block-column-is-layout-flow\" style=\"flex-basis:100%\">\n<h1 class=\"ls__heading wp-block-heading has-color-2-color has-text-color has-link-color wp-elements-0073d6b6ffa3bdf22099c6b00966d223\">Juridische informatie<\/h1>\n\n\n\n<h2 class=\"ls__heading wp-block-heading has-color-1-color has-text-color has-link-color wp-elements-2679885e58a34e2df927732861af7b46\">Locatiemanager<\/h2>\n\n\n\n<p class=\"ls-paragraph\"><strong>CAMPING MANE GUERNEHUE<\/strong> (SAS)<br\/>52 Rue Man\u00e9 er Groez 56870 BADEN<br\/>Tel. 02 97 57 02 06<br\/>Email: info@camping-baden.com<br\/>SIRET : 382 385 276 00011<br\/>APE : 5520Z<br\/>RC : Allianz Assurance police n\u00b0558 186 76<br\/>TVA Intracommunautaire : FR84382385276<br\/>Maatschappelijk kapitaal : 43 752,87\u20ac<br\/>Immatriculation n\u00b0 382 385 276 au R.C.S de Vannes<br\/>CNIL-verklaring nr. 17 39 881<br\/>Publicatieverantwoordelijke : M. Madec <br\/>Bedrijfsleider : Marie-Pierre Madec<br\/><\/p>\n\n\n\n<h2 class=\"ls__heading wp-block-heading has-color-1-color has-text-color has-link-color wp-elements-321d6fa6947c7eb898ab065fc465b968\">Productie<\/h2>\n\n\n\n<p class=\"ls-paragraph\"><strong>GEEK TONIC<\/strong><br\/>Vertegenwoordigd door de heer Yohan Darmayan in zijn hoedanigheid<br\/>Maatschappelijke zetel : 50 AV. DU LAC MARION 64200 BIARRITZ<br\/>T\u00e9l : 05 32 74 11 52<br\/>E-mail : support@geek-tonic.com<br\/>Website : <a href=\"https:\/\/www.geek-tonic.com\/\" target=\"_blank\" rel=\"noreferrer noopener\">www.geek-tonic.com<\/a><br\/>SIRET : 89746755100015<br\/>APE : 6201Z <\/p>\n\n\n\n<h2 class=\"ls__heading wp-block-heading has-color-1-color has-text-color has-link-color wp-elements-9e9482f90ea01f1ca5b3d59cf8594a65\">Copyright<\/h2>\n\n\n\n<p class=\"ls-paragraph\">De volledige inhoud van deze site valt onder het auteursrecht en de intellectuele eigendomsrechten volgens de Franse wetgeving. Elke reproductie (inclusief foto&#8217;s, pictogrammen en downloadbare documenten) is verboden zonder voorafgaande toestemming van Man\u00e9 Guernehu\u00e9. De gehele of gedeeltelijke reproductie van de site op papier of in elektronische vorm op een elektronische drager is verboden. Man\u00e9 Guernehu\u00e9 wijst alle verantwoordelijkheid met betrekking tot de inhoud van de website van de hand. Man\u00e9 Guernehu\u00e9 wijst ook alle verantwoordelijkheid af voor externe links die naar deze site verwijzen.   <\/p>\n\n\n\n<h2 class=\"ls__heading wp-block-heading has-color-1-color has-text-color has-link-color wp-elements-c9b0e1a57c4f1300b261900b7c515fc3\" id=\"m-t-6\">Persoonlijke gegevens en nominatieve informatie<\/h2>\n\n\n\n<p class=\"ls-paragraph\">U hebt het recht op toegang, wijziging, rectificatie en verwijdering van de gegevens die op u betrekking hebben in overeenstemming met artikel 34 van de Franse wet op de gegevensbescherming nr. 78-17 van 6 januari 1978, gewijzigd op 6 augustus 2018. Om dit recht op toegang uit te oefenen, stuurt u een schriftelijk verzoek naar de redacteur van de site. <\/p>\n\n\n\n<h2 class=\"ls__heading wp-block-heading has-color-1-color has-text-color has-link-color wp-elements-43c8d75dc5eda7f345c3003477874d34\">Wetgeving<\/h2>\n\n\n\n<p class=\"ls-paragraph\">In overeenstemming met de wet van 11 maart 1957 (art. 41) en het wetboek van intellectuele eigendom van 1 juli 1992, is het verboden de site geheel of gedeeltelijk te reproduceren zonder voorafgaande toestemming van de uitgever van de site. Logo&#8217;s, afbeeldingen, foto&#8217;s, video&#8217;s, grafische kaarten en teksten zijn eigendom van hun respectieve eigenaars. Deze site kan, zonder zijn medeweten, zijn gekoppeld aan andere sites via hypermedia links. De redacteur van deze site wijst alle verantwoordelijkheid af voor de informatie op deze andere sites. Internetgebruikers erkennen dat het gebruik van deze site valt onder de Franse wetgeving.    <\/p>\n<\/div>\n<\/div>\n\n\r\n    <\/div>\r\n<\/section>","protected":false},"excerpt":{"rendered":"","protected":false},"author":1,"featured_media":6143,"parent":0,"menu_order":0,"comment_status":"closed","ping_status":"closed","template":"","meta":{"_acf_changed":false,"footnotes":""},"sujet":[],"class_list":["post-10896","page","type-page","status-publish","has-post-thumbnail","hentry"],"acf":[],"yoast_head":"<!-- This site is optimized with the Yoast SEO plugin v25.3 - https:\/\/yoast.com\/wordpress\/plugins\/seo\/ -->\n<title>Juridische informatie - Man\u00e9 Guernehu\u00e9<\/title>\n<meta name=\"robots\" content=\"noindex, nofollow\" \/>\n<meta property=\"og:locale\" content=\"nl_NL\" \/>\n<meta property=\"og:type\" content=\"article\" \/>\n<meta property=\"og:title\" content=\"Juridische informatie - Man\u00e9 Guernehu\u00e9\" \/>\n<meta property=\"og:url\" content=\"https:\/\/www.camping-baden.com\/nl\/volledige-punten\/\" \/>\n<meta property=\"og:site_name\" content=\"Man\u00e9 Guernehu\u00e9\" \/>\n<meta property=\"article:modified_time\" content=\"2024-10-30T15:30:08+00:00\" \/>\n<meta property=\"og:image\" content=\"https:\/\/www.camping-baden.com\/wp-content\/uploads\/2024\/09\/equipe-caming-golfe-morbihan-baden.webp\" \/>\n\t<meta property=\"og:image:width\" content=\"2000\" \/>\n\t<meta property=\"og:image:height\" content=\"956\" \/>\n\t<meta property=\"og:image:type\" content=\"image\/webp\" \/>\n<meta name=\"twitter:card\" content=\"summary_large_image\" \/>\n<meta name=\"twitter:label1\" content=\"Geschatte leestijd\" \/>\n\t<meta name=\"twitter:data1\" content=\"2 minuten\" \/>\n<script type=\"application\/ld+json\" class=\"yoast-schema-graph\">{\"@context\":\"https:\/\/schema.org\",\"@graph\":[{\"@type\":\"WebPage\",\"@id\":\"https:\/\/www.camping-baden.com\/nl\/volledige-punten\/\",\"url\":\"https:\/\/www.camping-baden.com\/nl\/volledige-punten\/\",\"name\":\"Juridische informatie - Man\u00e9 Guernehu\u00e9\",\"isPartOf\":{\"@id\":\"https:\/\/www.camping-baden.com\/nl\/#website\"},\"primaryImageOfPage\":{\"@id\":\"https:\/\/www.camping-baden.com\/nl\/volledige-punten\/#primaryimage\"},\"image\":{\"@id\":\"https:\/\/www.camping-baden.com\/nl\/volledige-punten\/#primaryimage\"},\"thumbnailUrl\":\"https:\/\/www.camping-baden.com\/wp-content\/uploads\/2024\/09\/equipe-caming-golfe-morbihan-baden.webp\",\"datePublished\":\"2024-09-30T10:18:51+00:00\",\"dateModified\":\"2024-10-30T15:30:08+00:00\",\"breadcrumb\":{\"@id\":\"https:\/\/www.camping-baden.com\/nl\/volledige-punten\/#breadcrumb\"},\"inLanguage\":\"nl-NL\",\"potentialAction\":[{\"@type\":\"ReadAction\",\"target\":[\"https:\/\/www.camping-baden.com\/nl\/volledige-punten\/\"]}]},{\"@type\":\"ImageObject\",\"inLanguage\":\"nl-NL\",\"@id\":\"https:\/\/www.camping-baden.com\/nl\/volledige-punten\/#primaryimage\",\"url\":\"https:\/\/www.camping-baden.com\/wp-content\/uploads\/2024\/09\/equipe-caming-golfe-morbihan-baden.webp\",\"contentUrl\":\"https:\/\/www.camping-baden.com\/wp-content\/uploads\/2024\/09\/equipe-caming-golfe-morbihan-baden.webp\",\"width\":2000,\"height\":956,\"caption\":\"team caming golfe morbihan baden\"},{\"@type\":\"BreadcrumbList\",\"@id\":\"https:\/\/www.camping-baden.com\/nl\/volledige-punten\/#breadcrumb\",\"itemListElement\":[{\"@type\":\"ListItem\",\"position\":1,\"name\":\"Camping Golfe du Morbihan\",\"item\":\"https:\/\/www.camping-baden.com\/nl\/\"},{\"@type\":\"ListItem\",\"position\":2,\"name\":\"Juridische informatie\"}]},{\"@type\":\"WebSite\",\"@id\":\"https:\/\/www.camping-baden.com\/nl\/#website\",\"url\":\"https:\/\/www.camping-baden.com\/nl\/\",\"name\":\"Man\u00e9 Guernehu\u00e9\",\"description\":\"\",\"publisher\":{\"@id\":\"https:\/\/www.camping-baden.com\/nl\/#organization\"},\"potentialAction\":[{\"@type\":\"SearchAction\",\"target\":{\"@type\":\"EntryPoint\",\"urlTemplate\":\"https:\/\/www.camping-baden.com\/nl\/?s={search_term_string}\"},\"query-input\":{\"@type\":\"PropertyValueSpecification\",\"valueRequired\":true,\"valueName\":\"search_term_string\"}}],\"inLanguage\":\"nl-NL\"},{\"@type\":\"Organization\",\"@id\":\"https:\/\/www.camping-baden.com\/nl\/#organization\",\"name\":\"Man\u00e9 Guernehu\u00e9\",\"url\":\"https:\/\/www.camping-baden.com\/nl\/\",\"logo\":{\"@type\":\"ImageObject\",\"inLanguage\":\"nl-NL\",\"@id\":\"https:\/\/www.camping-baden.com\/nl\/#\/schema\/logo\/image\/\",\"url\":\"https:\/\/www.camping-baden.com\/wp-content\/uploads\/2024\/08\/logo-camping-mane-guernehue.png\",\"contentUrl\":\"https:\/\/www.camping-baden.com\/wp-content\/uploads\/2024\/08\/logo-camping-mane-guernehue.png\",\"width\":1000,\"height\":450,\"caption\":\"Man\u00e9 Guernehu\u00e9\"},\"image\":{\"@id\":\"https:\/\/www.camping-baden.com\/nl\/#\/schema\/logo\/image\/\"}}]}<\/script>\n<!-- \/ Yoast SEO plugin. -->","yoast_head_json":{"title":"Juridische informatie - Man\u00e9 Guernehu\u00e9","robots":{"index":"noindex","follow":"nofollow"},"og_locale":"nl_NL","og_type":"article","og_title":"Juridische informatie - Man\u00e9 Guernehu\u00e9","og_url":"https:\/\/www.camping-baden.com\/nl\/volledige-punten\/","og_site_name":"Man\u00e9 Guernehu\u00e9","article_modified_time":"2024-10-30T15:30:08+00:00","og_image":[{"width":2000,"height":956,"url":"https:\/\/www.camping-baden.com\/wp-content\/uploads\/2024\/09\/equipe-caming-golfe-morbihan-baden.webp","type":"image\/webp"}],"twitter_card":"summary_large_image","twitter_misc":{"Geschatte leestijd":"2 minuten"},"schema":{"@context":"https:\/\/schema.org","@graph":[{"@type":"WebPage","@id":"https:\/\/www.camping-baden.com\/nl\/volledige-punten\/","url":"https:\/\/www.camping-baden.com\/nl\/volledige-punten\/","name":"Juridische informatie - Man\u00e9 Guernehu\u00e9","isPartOf":{"@id":"https:\/\/www.camping-baden.com\/nl\/#website"},"primaryImageOfPage":{"@id":"https:\/\/www.camping-baden.com\/nl\/volledige-punten\/#primaryimage"},"image":{"@id":"https:\/\/www.camping-baden.com\/nl\/volledige-punten\/#primaryimage"},"thumbnailUrl":"https:\/\/www.camping-baden.com\/wp-content\/uploads\/2024\/09\/equipe-caming-golfe-morbihan-baden.webp","datePublished":"2024-09-30T10:18:51+00:00","dateModified":"2024-10-30T15:30:08+00:00","breadcrumb":{"@id":"https:\/\/www.camping-baden.com\/nl\/volledige-punten\/#breadcrumb"},"inLanguage":"nl-NL","potentialAction":[{"@type":"ReadAction","target":["https:\/\/www.camping-baden.com\/nl\/volledige-punten\/"]}]},{"@type":"ImageObject","inLanguage":"nl-NL","@id":"https:\/\/www.camping-baden.com\/nl\/volledige-punten\/#primaryimage","url":"https:\/\/www.camping-baden.com\/wp-content\/uploads\/2024\/09\/equipe-caming-golfe-morbihan-baden.webp","contentUrl":"https:\/\/www.camping-baden.com\/wp-content\/uploads\/2024\/09\/equipe-caming-golfe-morbihan-baden.webp","width":2000,"height":956,"caption":"team caming golfe morbihan baden"},{"@type":"BreadcrumbList","@id":"https:\/\/www.camping-baden.com\/nl\/volledige-punten\/#breadcrumb","itemListElement":[{"@type":"ListItem","position":1,"name":"Camping Golfe du Morbihan","item":"https:\/\/www.camping-baden.com\/nl\/"},{"@type":"ListItem","position":2,"name":"Juridische informatie"}]},{"@type":"WebSite","@id":"https:\/\/www.camping-baden.com\/nl\/#website","url":"https:\/\/www.camping-baden.com\/nl\/","name":"Man\u00e9 Guernehu\u00e9","description":"","publisher":{"@id":"https:\/\/www.camping-baden.com\/nl\/#organization"},"potentialAction":[{"@type":"SearchAction","target":{"@type":"EntryPoint","urlTemplate":"https:\/\/www.camping-baden.com\/nl\/?s={search_term_string}"},"query-input":{"@type":"PropertyValueSpecification","valueRequired":true,"valueName":"search_term_string"}}],"inLanguage":"nl-NL"},{"@type":"Organization","@id":"https:\/\/www.camping-baden.com\/nl\/#organization","name":"Man\u00e9 Guernehu\u00e9","url":"https:\/\/www.camping-baden.com\/nl\/","logo":{"@type":"ImageObject","inLanguage":"nl-NL","@id":"https:\/\/www.camping-baden.com\/nl\/#\/schema\/logo\/image\/","url":"https:\/\/www.camping-baden.com\/wp-content\/uploads\/2024\/08\/logo-camping-mane-guernehue.png","contentUrl":"https:\/\/www.camping-baden.com\/wp-content\/uploads\/2024\/08\/logo-camping-mane-guernehue.png","width":1000,"height":450,"caption":"Man\u00e9 Guernehu\u00e9"},"image":{"@id":"https:\/\/www.camping-baden.com\/nl\/#\/schema\/logo\/image\/"}}]}},"_links":{"self":[{"href":"https:\/\/www.camping-baden.com\/nl\/wp-json\/wp\/v2\/pages\/10896","targetHints":{"allow":["GET"]}}],"collection":[{"href":"https:\/\/www.camping-baden.com\/nl\/wp-json\/wp\/v2\/pages"}],"about":[{"href":"https:\/\/www.camping-baden.com\/nl\/wp-json\/wp\/v2\/types\/page"}],"author":[{"embeddable":true,"href":"https:\/\/www.camping-baden.com\/nl\/wp-json\/wp\/v2\/users\/1"}],"replies":[{"embeddable":true,"href":"https:\/\/www.camping-baden.com\/nl\/wp-json\/wp\/v2\/comments?post=10896"}],"version-history":[{"count":3,"href":"https:\/\/www.camping-baden.com\/nl\/wp-json\/wp\/v2\/pages\/10896\/revisions"}],"predecessor-version":[{"id":10900,"href":"https:\/\/www.camping-baden.com\/nl\/wp-json\/wp\/v2\/pages\/10896\/revisions\/10900"}],"wp:featuredmedia":[{"embeddable":true,"href":"https:\/\/www.camping-baden.com\/nl\/wp-json\/wp\/v2\/media\/6143"}],"wp:attachment":[{"href":"https:\/\/www.camping-baden.com\/nl\/wp-json\/wp\/v2\/media?parent=10896"}],"wp:term":[{"taxonomy":"sujet","embeddable":true,"href":"https:\/\/www.camping-baden.com\/nl\/wp-json\/wp\/v2\/sujet?post=10896"}],"curies":[{"name":"wp","href":"https:\/\/api.w.org\/{rel}","templated":true}]}}