{"id":10893,"date":"2024-08-26T12:05:34","date_gmt":"2024-08-26T10:05:34","guid":{"rendered":"https:\/\/www.camping-baden.com\/privacybeleid\/"},"modified":"2024-10-30T16:26:03","modified_gmt":"2024-10-30T15:26:03","slug":"privacybeleid","status":"publish","type":"page","link":"https:\/\/www.camping-baden.com\/nl\/privacybeleid\/","title":{"rendered":"Privacybeleid"},"content":{"rendered":"<section id=\"ls-section-block_9affcd3448ca36f5270b0b833749dc2b\" class=\"ls-section  home-sixth page-one\" >\r\n        <div class=\"container container--full\">\r\n        \n\n<div class=\"wp-block-columns are-vertically-aligned-center first is-layout-flex wp-container-core-columns-is-layout-9d6595d7 wp-block-columns-is-layout-flex\">\n<div class=\"wp-block-column is-vertically-aligned-center text is-layout-flow wp-block-column-is-layout-flow\" style=\"flex-basis:100%\">\n<h1 class=\"ls__heading wp-block-heading has-color-2-color has-text-color has-link-color wp-elements-184d9c069dfa0f5d3ff567101501ce8c\">Privacybeleid<\/h1>\n\n\n\n<h2 class=\"ls__heading wp-block-heading has-color-1-color has-text-color has-link-color wp-elements-5d28525da4effff89774495af3e27fd4\">Respect voor privacy<\/h2>\n\n\n\n<p class=\"ls-paragraph\"><strong>CNIL-verklaring nr. 17 39 881<\/strong><\/p>\n\n\n\n<p class=\"ls-paragraph\">In overeenstemming met de Franse wet op de gegevensbescherming van 6 januari 1978 hebben personen die persoonlijke gegevens verstrekken een volledig recht op toegang tot deze gegevens. Om uw recht op toegang en wijziging van deze gegevens uit te oefenen, kunt u een e-mail sturen naar het volgende adres: info@camping-baden.com . Bovendien wordt er geen persoonlijke informatie verzameld zonder medeweten van de gebruikers van de site en wordt deze niet doorgegeven aan derden of gebruikt voor persoonlijke doeleinden.  <br\/>In toepassing van de wet van 11 maart 1957 (art.41) en het wetboek van intellectuele eigendom van 1 juli 1992 is elke gedeeltelijke of gehele reproductie voor collectief gebruik ten strengste verboden zonder toestemming van het bedrijf Man\u00e9 Guernehu\u00e9.<br\/>De logo&#8217;s, afbeeldingen en handelsmerken op deze site zijn eigendom van hun respectieve eigenaars.<br\/><br\/>Foto&#8217;s en plattegronden van de huuraccommodaties zijn niet contractueel Deze site kan, zonder zijn medeweten, zijn gekoppeld aan andere sites via hyperlinks.<br\/>De uitgever en het bedrijf Man\u00e9 Guernehu\u00e9 wijzen alle verantwoordelijkheid af voor de informatie op deze andere sites. De internetgebruiker erkent dat het gebruik van deze site valt onder het Franse recht. <\/p>\n\n\n\n<h2 class=\"ls__heading wp-block-heading has-color-1-color has-text-color has-link-color wp-elements-265c69171682baee61749bff5cb5f67f\">Persoonlijke gegevens en cookies<\/h2>\n\n\n\n<p class=\"ls-paragraph\">Man\u00e9 Guernehu\u00e9 respecteert de bezorgdheid van gebruikers over de vertrouwelijkheid van de verstrekte persoonlijke gegevens.<\/p>\n\n\n\n<p class=\"ls-paragraph\"><strong>1- Ontvangers van de verzamelde gegevens<\/strong><\/p>\n\n\n\n<p class=\"ls-paragraph\"><br\/>Man\u00e9 Guernehu\u00e9 is de ontvanger van de gegevens. Man\u00e9 Guernehu\u00e9 kan persoonsgegevens van gebruikers doorgeven aan externe dienstverleners in het kader van statistisch onderzoek naar het gebruik van de Site en om de Site te optimaliseren. In deze context zijn de persoonsgegevens van de gebruikers anoniem. <\/p>\n\n\n\n<p class=\"ls-paragraph\"><br\/>2<strong>&#8211; Doeleinden van gegevensverzameling<\/strong> Via de Site verzamelt Man\u00e9 Guernehu\u00e9 gegevens over de gebruiker die strikt noodzakelijk zijn voor de volgende doeleinden:<\/p>\n\n\n\n<ul class=\"ls-list ls-list-undefined wp-block-list\">\n<li>Beheer en valideer een boeking: ontvang de betaling, bevestig je boeking en stuur je informatie over je verblijf per sms of e-mail.<\/li>\n\n\n\n<li>U toestaan om op de Site te browsen<\/li>\n\n\n\n<li>Om u op de hoogte te houden van Man\u00e9 Guernehu\u00e9 en onze nieuwe producten en om u gepersonaliseerde aanbiedingen en diensten aan te bieden.<\/li>\n\n\n\n<li>Om studies en technische tests uit te voeren met als doel onze site te optimaliseren, onze tools en diensten te verbeteren en u een steeds optimalere browse-ervaring te bieden.<\/li>\n\n\n\n<li>Reageren op uw verzoeken, verwachtingen en klachten wanneer u ons contactformulier gebruikt, deze opvolgen en de klantenservice verbeteren<\/li>\n\n\n\n<li>Het verzamelen van je mening na een verblijf via onze tevredenheidsvragenlijst en het uitvoeren van statistische onderzoeken.<\/li>\n\n\n\n<li>Je deelname aan de wedstrijden die het hele jaar door worden aangeboden op verschillende media (Facebook, Instagram, enz.) registreren en beheren en je winsten opsturen.<\/li>\n\n\n\n<li>Om uw surfgedrag te analyseren en een profiel op te stellen om uw voorkeuren te begrijpen, hierop te anticiperen en deze te beoordelen om u aanbiedingen te kunnen doen die aan uw verwachtingen voldoen. In het kader van deze verwerking kunnen uw persoonsgegevens worden doorgegeven aan onze technische dienstverleners. Voor deze analyses wordt uw voorafgaande toestemming gevraagd.  <\/li>\n\n\n\n<li>Om te voldoen aan de wet en te reageren op verzoeken van de rechtbank, om naleving van de AV te waarborgen, om de autoriteiten in te lichten in geval van onwettig gedrag en om onze rechten te beschermen in geval van letsel of schade.<\/li>\n<\/ul>\n\n\n\n<p class=\"ls-paragraph\">Man\u00e9 Guernehu\u00e9 verzamelt de volgende gegevens over de gebruiker:<\/p>\n\n\n\n<ul class=\"ls-list ls-list-undefined wp-block-list\">\n<li>Uw contactgegevens: naam, voornaam, geboortedatum, geboorteplaats, huisadres, e-mailadres, telefoon- en faxnummers, mobiele telefoonnummer, nummer identiteitskaart, nummerplaat, enz.<\/li>\n\n\n\n<li>Informatie over begeleidende personen: naam, voornaam, geboortedatum en -plaats, voor wie u zich verplicht vooraf toestemming te vragen<\/li>\n\n\n\n<li>Commerci\u00eble informatie: nieuwsbriefinschrijvingen, commerci\u00eble push-sms-berichten, ontvangst van partneraanbiedingen, enz.<\/li>\n\n\n\n<li>Betalingsgegevens (betalingsmethode, betaald bedrag)<\/li>\n\n\n\n<li>Uitwisselingen met ons per post, e-mail, chatservice, telefoongesprekken of op sociale netwerken, reacties op tevredenheidsvragenlijsten, enz.<\/li>\n\n\n\n<li>Informatie met betrekking tot uw gebruik van onze website en\/of mobiele applicatie<\/li>\n\n\n\n<li>Informatie met betrekking tot uw sollicitaties op onze vacaturesite (cv, begeleidende brief, foto)<\/li>\n<\/ul>\n\n\n\n<p class=\"ls-paragraph\">Man\u00e9 Guernehu\u00e9 verbindt zich ertoe alle door de gebruiker verstrekte persoonlijke gegevens te verwerken en te bewaren in overeenstemming met de bepalingen van de Franse wet op de gegevensbescherming en uitsluitend om de gebruiker op de hoogte te houden van nieuws van Man\u00e9 Guernehu\u00e9 en om hem met voorrang toegang te geven tot aanbiedingen van goederen en diensten die verband houden met de activiteit van Camping Man\u00e9 Guernehu\u00e9.<\/p>\n\n\n\n<p class=\"ls-paragraph\"><br\/>3<strong>&#8211; Opslag en beveiliging van gegevens<\/strong> Gegevens worden niet langer opgeslagen dan nodig is voor de doeleinden waarvoor ze zijn verzameld:<\/p>\n\n\n\n<p class=\"ls-paragraph\">voor het beheer van abonnementen op nieuwsbrieven worden gegevens bewaard zolang het abonnement actief is en worden alle gegevens verwijderd binnen 2 maanden nadat een gebruiker zich heeft afgemeld;<\/p>\n\n\n\n<p class=\"ls-paragraph\">Persoonsgegevens met betrekking tot boekingen worden langer bewaard om te voldoen aan wettelijke verplichtingen (zoals belasting- of verkoopvoorschriften en voor garantiedoeleinden).<\/p>\n\n\n\n<p class=\"ls-paragraph\">Andere gegevens worden 2 jaar bewaard.<\/p>\n\n\n\n<p class=\"ls-paragraph\"><br\/>Man\u00e9 Guernehu\u00e9 heeft alle nodige voorzorgsmaatregelen genomen om de vertrouwelijkheid en de veiligheid van de verwerkte persoonsgegevens te beschermen en om te voorkomen dat deze worden vervormd, beschadigd, vernietigd of dat onbevoegde derden hiertoe toegang krijgen.<\/p>\n\n\n\n<p class=\"ls-paragraph\">Er is een strenge beveiligingsprocedure ingesteld om je gegevens te beschermen. De gebruikte gegevens worden gecodeerd en beschermd met het SSL-protocol (Secure Socket Layer), zodat ze in alle veiligheid kunnen worden beheerd en overgedragen via een beveiligde verbinding op een speciaal netwerk. <\/p>\n\n\n\n<p class=\"ls-paragraph\"><br\/>Uw persoonlijke gegevens worden opgeslagen in Europa en kunnen in bepaalde gevallen worden doorgegeven aan derden die gevestigd zijn in landen buiten de EER, maar die voldoen aan ditzelfde vertrouwelijkheidsbeleid in overeenstemming met de Europese wetgeving inzake gegevensbescherming. Wij vragen hen om uw gegevens met dezelfde zorgvuldigheid te behandelen als die welke bij Man\u00e9 Guernehu\u00e9 wordt toegepast in overeenstemming met de RGPD.<\/p>\n\n\n\n<p class=\"ls-paragraph\">Man\u00e9 Guernehu\u00e9 heeft echter geen controle over alle risico&#8217;s die verbonden zijn aan het gebruik van internet en wijst de gebruikers op het bestaan van mogelijke risico&#8217;s die inherent zijn aan het gebruik en de werking ervan.<\/p>\n\n\n\n<p class=\"ls-paragraph\">De functionaris voor gegevensbescherming (DPO) van de keten Yelloh! Village, waarvan Camping Man\u00e9 Guernehu\u00e9 deel uitmaakt, ziet toe op de naleving van ons vertrouwelijkheidsbeleid. Als u klachten heeft, kunt u contact met hem opnemen via dpo@yellohvillage.com.  <\/p>\n\n\n\n<p class=\"ls-paragraph\"><br\/><br\/>4<strong>&#8211; Rechten van de gebruiker<\/strong> De gebruiker wordt ge\u00efnformeerd dat hij, in overeenstemming met de Franse wet op de bescherming van persoonsgegevens (Loi Informatique et Libert\u00e9s), het recht heeft om op elk gewenst moment zijn persoonlijke gegevens in te zien, bij te werken, te corrigeren en te verwijderen door een verzoek (met nauwkeurige vermelding van het onderwerp van het verzoek) via internet te sturen naar het volgende adres:<\/p>\n\n\n\n<p class=\"ls-paragraph\"><a href=\"mailto:info@camping-baden.com\">info(@)camping-baden.com.com<\/a><\/p>\n\n\n\n<p class=\"ls-paragraph\"><br\/><br\/><br\/>Of per post naar het volgende adres: Camping Man\u00e9 Guernehu\u00e9 52 rue Man\u00e9 er Gro\u00ebz 56870 Baden<\/p>\n\n\n\n<p class=\"ls-paragraph\">die Camping Man\u00e9 Guernehu\u00e9 binnen zeven werkdagen zal behandelen.<\/p>\n\n\n\n<p class=\"ls-paragraph\">Gebruikers worden ge\u00efnformeerd dat ze, in overeenstemming met de Franse wet op gegevensbescherming, te allen tijde het recht hebben om op legitieme gronden bezwaar te maken tegen de verwerking van hun persoonlijke gegevens.<\/p>\n\n\n\n<p class=\"ls-paragraph\"><br\/><br\/>5 <strong>&#8211; Cookies, browsegegevens en loocatlisatie<\/strong> Wanneer de gebruiker de Site bezoekt en ermee instemt om verder te browsen, kan een cookie worden ge\u00efnstalleerd en voor maximaal 13 maanden worden opgeslagen in het geheugen of op de harde schijf van de gebruiker, om het browsen te vergemakkelijken. Een cookie maakt het niet mogelijk om de gebruiker te identificeren, maar is een element dat wordt gebruikt om informatie met betrekking tot het browsen op de Site (geraadpleegde pagina&#8217;s, datum en tijd van raadpleging, enz.)<\/p>\n\n\n\n<p class=\"ls-paragraph\">Cookies worden gebruikt om :<\/p>\n\n\n\n<ul class=\"ls-list ls-list-undefined wp-block-list\">\n<li>om het surfen op de Site te vergemakkelijken, om het belang en de ergonomie van de op de Site geraadpleegde diensten te verbeteren en om de presentatie van de Site aan te passen;<\/li>\n\n\n\n<li>om informatie op te slaan met betrekking tot een formulier dat de gebruiker op de Site heeft ingevuld (registratie of toegang tot een account) of met betrekking tot producten die op de Site zijn gekozen (inhoud van een winkelmandje, enz.);<\/li>\n\n\n\n<li>om het aantal bezoeken aan de Site te tellen en zo statistieken op te stellen.<\/li>\n<\/ul>\n\n\n\n<p class=\"ls-paragraph\">Gebruikers kunnen weigeren cookies te accepteren door de instellingen van hun browser te wijzigen.<br\/>Deze handeling zal echter resulteren in het verwijderen van alle cookies die door de browser worden gebruikt, met inbegrip van cookies die door andere websites worden gebruikt, wat kan leiden tot de wijziging of het verlies van bepaalde instellingen of informatie. Het verwijderen van cookies kan het browsen op de Site wijzigen of zelfs bemoeilijken.  <\/p>\n\n\n\n<p class=\"ls-paragraph\">Elke browser heeft een andere configuratie voor het beheer van cookies en gebruikerskeuzes.<br\/>Dit wordt beschreven in het helpmenu van de browser, waar gebruikers kunnen vinden hoe ze hun wensen met betrekking tot cookies kunnen aanpassen. <\/p>\n\n\n\n<ul class=\"ls-list ls-list-undefined wp-block-list\">\n<li>Voor Internet Explorer\u2122: https: <a href=\"https:\/\/support.microsoft.com\/fr-fr\/help\/17442\/windows-internet-explorer-delete-manage-cookies\" target=\"_blank\" rel=\"noreferrer noopener\">\/\/support.microsoft.com\/fr-fr\/help\/17442\/windows-internet-explorer-delete-manage-cookies,<\/a><\/li>\n\n\n\n<li>Voor Safari\u2122: https: <a href=\"https:\/\/support.apple.com\/fr-fr\/guide\/safari\/manage-cookies-and-website-data-sfri11471\/mac\" target=\"_blank\" rel=\"noreferrer noopener\">\/\/support.apple.com\/fr-fr\/guide\/safari\/manage-cookies-and-website-data-sfri11471\/mac,<\/a><\/li>\n\n\n\n<li>Voor Chrome\u2122: https: <a href=\"https:\/\/support.google.com\/chrome\/answer\/2392709?hl=fr&amp;ref_topic=7438008\" target=\"_blank\" rel=\"noreferrer noopener\">\/\/support.google.com\/chrome\/answer\/2392709?hl=fr&amp;ref_topic=7438008,<\/a><\/li>\n\n\n\n<li>Voor Firefox\u2122: https: <a href=\"https:\/\/support.mozilla.org\/fr\/kb\/activer-desactiver-cookies-preferences\" target=\"_blank\" rel=\"noreferrer noopener\">\/\/support.mozilla.org\/fr\/kb\/activer-desactiver-cookies-preferences,<\/a><\/li>\n\n\n\n<li>Voor Opera\u2122: http: <a href=\"http:\/\/help.opera.com\/Windows\/10.20\/fr\/cookies.html\" target=\"_blank\" rel=\"noreferrer noopener\">\/\/help.opera.com\/Windows\/10.20\/fr\/cookies.html<\/a><\/li>\n<\/ul>\n\n\n\n<p class=\"ls-paragraph\">Cookies online uitschakelen :<\/p>\n\n\n\n<blockquote class=\"wp-block-quote is-layout-flow wp-block-quote-is-layout-flow\">\n<p class=\"ls-paragraph\">&gt;<br\/>&gt;<br\/>&gt; C<strong>ookiecategorie<\/strong> &#8211;<strong>Hoe deactiveer ik<\/strong> Analytics- en prestatiecookies &#8211;<a href=\"https:\/\/tools.google.com\/dlpage\/gaoptout?hl=fr\" target=\"_blank\" rel=\"noreferrer noopener\">Google Analytics<\/a> Cookies voor sociale netwerken &#8211; <a href=\"https:\/\/www.facebook.com\/policies\/cookies\/\" target=\"_blank\" rel=\"noreferrer noopener\">Facebook<\/a>, <a href=\"https:\/\/help.instagram.com\/1896641480634370?ref=ig\" target=\"_blank\" rel=\"noreferrer noopener\">Instagram<\/a>, <a href=\"https:\/\/help.twitter.com\/fr\/rules-and-policies\/twitter-cookies\" target=\"_blank\" rel=\"noreferrer noopener\">Twitter<\/a>, <a href=\"https:\/\/support.google.com\/youtube\/answer\/32050?hl=fr&amp;co=GENIE.Platform%3DDesktop\" target=\"_blank\" rel=\"noreferrer noopener\">YouTube<\/a><\/p>\n<\/blockquote>\n\n\n\n<p class=\"ls-paragraph\">Gebruik van online platforms om reclamecookies te beheren :<\/p>\n\n\n\n<p class=\"ls-paragraph\">Ga naar de Youronlinechoices-site, voorgesteld door de digitale reclameprofessionals die zijn verenigd in de European Digital Advertising Alliance <a href=\"http:\/\/www.youronlinechoices.com\/fr\/controler-ses-cookies\/\" target=\"_blank\" rel=\"noreferrer noopener\">(EDAA<\/a> ), om de cookies te weigeren of te aanvaarden die worden gebruikt door de reclameprofessionals die lid zijn van deze vereniging.<\/p>\n\n\n\n<p class=\"ls-paragraph\">Houd er rekening mee dat het verwijderen van cookies het surfen op de Site kan veranderen of zelfs bemoeilijken.<\/p>\n<\/div>\n<\/div>\n\n\r\n    <\/div>\r\n<\/section>","protected":false},"excerpt":{"rendered":"","protected":false},"author":1,"featured_media":6143,"parent":0,"menu_order":0,"comment_status":"closed","ping_status":"open","template":"","meta":{"_acf_changed":false,"footnotes":""},"sujet":[],"class_list":["post-10893","page","type-page","status-publish","has-post-thumbnail","hentry"],"acf":[],"yoast_head":"<!-- This site is optimized with the Yoast SEO plugin v25.3 - https:\/\/yoast.com\/wordpress\/plugins\/seo\/ -->\n<title>Privacybeleid - Man\u00e9 Guernehu\u00e9<\/title>\n<meta name=\"robots\" content=\"noindex, nofollow\" \/>\n<meta property=\"og:locale\" content=\"nl_NL\" \/>\n<meta property=\"og:type\" content=\"article\" \/>\n<meta property=\"og:title\" content=\"Privacybeleid - Man\u00e9 Guernehu\u00e9\" \/>\n<meta property=\"og:url\" content=\"https:\/\/www.camping-baden.com\/nl\/privacybeleid\/\" \/>\n<meta property=\"og:site_name\" content=\"Man\u00e9 Guernehu\u00e9\" \/>\n<meta property=\"article:modified_time\" content=\"2024-10-30T15:26:03+00:00\" \/>\n<meta property=\"og:image\" content=\"https:\/\/www.camping-baden.com\/wp-content\/uploads\/2024\/09\/equipe-caming-golfe-morbihan-baden.webp\" \/>\n\t<meta property=\"og:image:width\" content=\"2000\" \/>\n\t<meta property=\"og:image:height\" content=\"956\" \/>\n\t<meta property=\"og:image:type\" content=\"image\/webp\" \/>\n<meta name=\"twitter:card\" content=\"summary_large_image\" \/>\n<meta name=\"twitter:label1\" content=\"Geschatte leestijd\" \/>\n\t<meta name=\"twitter:data1\" content=\"8 minuten\" \/>\n<script type=\"application\/ld+json\" class=\"yoast-schema-graph\">{\"@context\":\"https:\/\/schema.org\",\"@graph\":[{\"@type\":\"WebPage\",\"@id\":\"https:\/\/www.camping-baden.com\/nl\/privacybeleid\/\",\"url\":\"https:\/\/www.camping-baden.com\/nl\/privacybeleid\/\",\"name\":\"Privacybeleid - Man\u00e9 Guernehu\u00e9\",\"isPartOf\":{\"@id\":\"https:\/\/www.camping-baden.com\/nl\/#website\"},\"primaryImageOfPage\":{\"@id\":\"https:\/\/www.camping-baden.com\/nl\/privacybeleid\/#primaryimage\"},\"image\":{\"@id\":\"https:\/\/www.camping-baden.com\/nl\/privacybeleid\/#primaryimage\"},\"thumbnailUrl\":\"https:\/\/www.camping-baden.com\/wp-content\/uploads\/2024\/09\/equipe-caming-golfe-morbihan-baden.webp\",\"datePublished\":\"2024-08-26T10:05:34+00:00\",\"dateModified\":\"2024-10-30T15:26:03+00:00\",\"breadcrumb\":{\"@id\":\"https:\/\/www.camping-baden.com\/nl\/privacybeleid\/#breadcrumb\"},\"inLanguage\":\"nl-NL\",\"potentialAction\":[{\"@type\":\"ReadAction\",\"target\":[\"https:\/\/www.camping-baden.com\/nl\/privacybeleid\/\"]}]},{\"@type\":\"ImageObject\",\"inLanguage\":\"nl-NL\",\"@id\":\"https:\/\/www.camping-baden.com\/nl\/privacybeleid\/#primaryimage\",\"url\":\"https:\/\/www.camping-baden.com\/wp-content\/uploads\/2024\/09\/equipe-caming-golfe-morbihan-baden.webp\",\"contentUrl\":\"https:\/\/www.camping-baden.com\/wp-content\/uploads\/2024\/09\/equipe-caming-golfe-morbihan-baden.webp\",\"width\":2000,\"height\":956,\"caption\":\"team caming golfe morbihan baden\"},{\"@type\":\"BreadcrumbList\",\"@id\":\"https:\/\/www.camping-baden.com\/nl\/privacybeleid\/#breadcrumb\",\"itemListElement\":[{\"@type\":\"ListItem\",\"position\":1,\"name\":\"Camping Golfe du Morbihan\",\"item\":\"https:\/\/www.camping-baden.com\/nl\/\"},{\"@type\":\"ListItem\",\"position\":2,\"name\":\"Privacybeleid\"}]},{\"@type\":\"WebSite\",\"@id\":\"https:\/\/www.camping-baden.com\/nl\/#website\",\"url\":\"https:\/\/www.camping-baden.com\/nl\/\",\"name\":\"Man\u00e9 Guernehu\u00e9\",\"description\":\"\",\"publisher\":{\"@id\":\"https:\/\/www.camping-baden.com\/nl\/#organization\"},\"potentialAction\":[{\"@type\":\"SearchAction\",\"target\":{\"@type\":\"EntryPoint\",\"urlTemplate\":\"https:\/\/www.camping-baden.com\/nl\/?s={search_term_string}\"},\"query-input\":{\"@type\":\"PropertyValueSpecification\",\"valueRequired\":true,\"valueName\":\"search_term_string\"}}],\"inLanguage\":\"nl-NL\"},{\"@type\":\"Organization\",\"@id\":\"https:\/\/www.camping-baden.com\/nl\/#organization\",\"name\":\"Man\u00e9 Guernehu\u00e9\",\"url\":\"https:\/\/www.camping-baden.com\/nl\/\",\"logo\":{\"@type\":\"ImageObject\",\"inLanguage\":\"nl-NL\",\"@id\":\"https:\/\/www.camping-baden.com\/nl\/#\/schema\/logo\/image\/\",\"url\":\"https:\/\/www.camping-baden.com\/wp-content\/uploads\/2024\/08\/logo-camping-mane-guernehue.png\",\"contentUrl\":\"https:\/\/www.camping-baden.com\/wp-content\/uploads\/2024\/08\/logo-camping-mane-guernehue.png\",\"width\":1000,\"height\":450,\"caption\":\"Man\u00e9 Guernehu\u00e9\"},\"image\":{\"@id\":\"https:\/\/www.camping-baden.com\/nl\/#\/schema\/logo\/image\/\"}}]}<\/script>\n<!-- \/ Yoast SEO plugin. -->","yoast_head_json":{"title":"Privacybeleid - Man\u00e9 Guernehu\u00e9","robots":{"index":"noindex","follow":"nofollow"},"og_locale":"nl_NL","og_type":"article","og_title":"Privacybeleid - Man\u00e9 Guernehu\u00e9","og_url":"https:\/\/www.camping-baden.com\/nl\/privacybeleid\/","og_site_name":"Man\u00e9 Guernehu\u00e9","article_modified_time":"2024-10-30T15:26:03+00:00","og_image":[{"width":2000,"height":956,"url":"https:\/\/www.camping-baden.com\/wp-content\/uploads\/2024\/09\/equipe-caming-golfe-morbihan-baden.webp","type":"image\/webp"}],"twitter_card":"summary_large_image","twitter_misc":{"Geschatte leestijd":"8 minuten"},"schema":{"@context":"https:\/\/schema.org","@graph":[{"@type":"WebPage","@id":"https:\/\/www.camping-baden.com\/nl\/privacybeleid\/","url":"https:\/\/www.camping-baden.com\/nl\/privacybeleid\/","name":"Privacybeleid - Man\u00e9 Guernehu\u00e9","isPartOf":{"@id":"https:\/\/www.camping-baden.com\/nl\/#website"},"primaryImageOfPage":{"@id":"https:\/\/www.camping-baden.com\/nl\/privacybeleid\/#primaryimage"},"image":{"@id":"https:\/\/www.camping-baden.com\/nl\/privacybeleid\/#primaryimage"},"thumbnailUrl":"https:\/\/www.camping-baden.com\/wp-content\/uploads\/2024\/09\/equipe-caming-golfe-morbihan-baden.webp","datePublished":"2024-08-26T10:05:34+00:00","dateModified":"2024-10-30T15:26:03+00:00","breadcrumb":{"@id":"https:\/\/www.camping-baden.com\/nl\/privacybeleid\/#breadcrumb"},"inLanguage":"nl-NL","potentialAction":[{"@type":"ReadAction","target":["https:\/\/www.camping-baden.com\/nl\/privacybeleid\/"]}]},{"@type":"ImageObject","inLanguage":"nl-NL","@id":"https:\/\/www.camping-baden.com\/nl\/privacybeleid\/#primaryimage","url":"https:\/\/www.camping-baden.com\/wp-content\/uploads\/2024\/09\/equipe-caming-golfe-morbihan-baden.webp","contentUrl":"https:\/\/www.camping-baden.com\/wp-content\/uploads\/2024\/09\/equipe-caming-golfe-morbihan-baden.webp","width":2000,"height":956,"caption":"team caming golfe morbihan baden"},{"@type":"BreadcrumbList","@id":"https:\/\/www.camping-baden.com\/nl\/privacybeleid\/#breadcrumb","itemListElement":[{"@type":"ListItem","position":1,"name":"Camping Golfe du Morbihan","item":"https:\/\/www.camping-baden.com\/nl\/"},{"@type":"ListItem","position":2,"name":"Privacybeleid"}]},{"@type":"WebSite","@id":"https:\/\/www.camping-baden.com\/nl\/#website","url":"https:\/\/www.camping-baden.com\/nl\/","name":"Man\u00e9 Guernehu\u00e9","description":"","publisher":{"@id":"https:\/\/www.camping-baden.com\/nl\/#organization"},"potentialAction":[{"@type":"SearchAction","target":{"@type":"EntryPoint","urlTemplate":"https:\/\/www.camping-baden.com\/nl\/?s={search_term_string}"},"query-input":{"@type":"PropertyValueSpecification","valueRequired":true,"valueName":"search_term_string"}}],"inLanguage":"nl-NL"},{"@type":"Organization","@id":"https:\/\/www.camping-baden.com\/nl\/#organization","name":"Man\u00e9 Guernehu\u00e9","url":"https:\/\/www.camping-baden.com\/nl\/","logo":{"@type":"ImageObject","inLanguage":"nl-NL","@id":"https:\/\/www.camping-baden.com\/nl\/#\/schema\/logo\/image\/","url":"https:\/\/www.camping-baden.com\/wp-content\/uploads\/2024\/08\/logo-camping-mane-guernehue.png","contentUrl":"https:\/\/www.camping-baden.com\/wp-content\/uploads\/2024\/08\/logo-camping-mane-guernehue.png","width":1000,"height":450,"caption":"Man\u00e9 Guernehu\u00e9"},"image":{"@id":"https:\/\/www.camping-baden.com\/nl\/#\/schema\/logo\/image\/"}}]}},"_links":{"self":[{"href":"https:\/\/www.camping-baden.com\/nl\/wp-json\/wp\/v2\/pages\/10893","targetHints":{"allow":["GET"]}}],"collection":[{"href":"https:\/\/www.camping-baden.com\/nl\/wp-json\/wp\/v2\/pages"}],"about":[{"href":"https:\/\/www.camping-baden.com\/nl\/wp-json\/wp\/v2\/types\/page"}],"author":[{"embeddable":true,"href":"https:\/\/www.camping-baden.com\/nl\/wp-json\/wp\/v2\/users\/1"}],"replies":[{"embeddable":true,"href":"https:\/\/www.camping-baden.com\/nl\/wp-json\/wp\/v2\/comments?post=10893"}],"version-history":[{"count":1,"href":"https:\/\/www.camping-baden.com\/nl\/wp-json\/wp\/v2\/pages\/10893\/revisions"}],"predecessor-version":[{"id":10894,"href":"https:\/\/www.camping-baden.com\/nl\/wp-json\/wp\/v2\/pages\/10893\/revisions\/10894"}],"wp:featuredmedia":[{"embeddable":true,"href":"https:\/\/www.camping-baden.com\/nl\/wp-json\/wp\/v2\/media\/6143"}],"wp:attachment":[{"href":"https:\/\/www.camping-baden.com\/nl\/wp-json\/wp\/v2\/media?parent=10893"}],"wp:term":[{"taxonomy":"sujet","embeddable":true,"href":"https:\/\/www.camping-baden.com\/nl\/wp-json\/wp\/v2\/sujet?post=10893"}],"curies":[{"name":"wp","href":"https:\/\/api.w.org\/{rel}","templated":true}]}}