{"id":10889,"date":"2024-08-26T12:05:34","date_gmt":"2024-08-26T10:05:34","guid":{"rendered":"https:\/\/www.camping-baden.com\/privacy-policy\/"},"modified":"2024-10-30T16:25:56","modified_gmt":"2024-10-30T15:25:56","slug":"privacy-policy","status":"publish","type":"page","link":"https:\/\/www.camping-baden.com\/en\/privacy-policy\/","title":{"rendered":"Privacy policy"},"content":{"rendered":"<section id=\"ls-section-block_2bec0ab2c5dade6515aeff4516d675ce\" class=\"ls-section  home-sixth page-one\" >\r\n        <div class=\"container container--full\">\r\n        \n\n<div class=\"wp-block-columns are-vertically-aligned-center first is-layout-flex wp-container-core-columns-is-layout-9d6595d7 wp-block-columns-is-layout-flex\">\n<div class=\"wp-block-column is-vertically-aligned-center text is-layout-flow wp-block-column-is-layout-flow\" style=\"flex-basis:100%\">\n<h1 class=\"ls__heading wp-block-heading has-color-2-color has-text-color has-link-color wp-elements-b27bc2b22ef9cf65c1044eb5e830310c\">Privacy Policy<\/h1>\n\n\n\n<h2 class=\"ls__heading wp-block-heading has-color-1-color has-text-color has-link-color wp-elements-1c0c90b5eaf56a6b2848e577c58f7920\">Privacy policy<\/h2>\n\n\n\n<p class=\"ls-paragraph\"><strong>CNIL declaration no. 17 39 881<\/strong><\/p>\n\n\n\n<p class=\"ls-paragraph\">In accordance with the French Data Protection Act of January 6, 1978, persons providing personal information have a full right of access to that information. To exercise your right to access and modify this data, please send an e-mail to the following address: info@camping-baden.com . Furthermore, no personal information is collected without the knowledge of site users, nor is it passed on to third parties or used for personal purposes.  <br\/>In application of the law of March 11, 1957 (art.41) and the intellectual property code of July 1, 1992, any partial or total reproduction for collective use is strictly forbidden without authorization from the Man\u00e9 Guernehu\u00e9 company.<br\/>The logos, visuals and trademarks on this site are the property of their respective owners.<br\/>Photos and floor plans are non-contractual<br\/>This site may, without its knowledge, have been linked to other sites via hypertext links. The publisher and the company Man\u00e9 Guernehu\u00e9 decline all responsibility for the information presented on these other sites.<br\/>The Internet user acknowledges that use of this site is governed by French law. <\/p>\n\n\n\n<h2 class=\"ls__heading wp-block-heading has-color-1-color has-text-color has-link-color wp-elements-1ee49fbc9f1d7c3532cc2d2fcc181d6b\">Personal data and cookies<\/h2>\n\n\n\n<p class=\"ls-paragraph\">Man\u00e9 Guernehu\u00e9 respects users&#8217; concerns regarding the confidentiality of personal information provided.<\/p>\n\n\n\n<p class=\"ls-paragraph\"><strong>1- Recipients of collected data<\/strong><\/p>\n\n\n\n<p class=\"ls-paragraph\">Man\u00e9 Guernehu\u00e9 is the recipient of the data.<br\/>Man\u00e9 Guernehu\u00e9 may communicate users&#8217; personal data to third party service providers in the context of statistical studies of the use of the Site and for the purposes of optimizing the Site. In this context, users&#8217; personal data will be anonymous. <\/p>\n\n\n\n<p class=\"ls-paragraph\"><strong>2- Purposes of data collection<\/strong><br\/>Through the Site, Man\u00e9 Guernehu\u00e9 collects data concerning the user which is strictly necessary for the following purposes:<\/p>\n\n\n\n<ul class=\"ls-list ls-list-undefined wp-block-list\">\n<li>Manage and validate a reservation: collect payment, confirm your reservation and send you information about your stay by SMS or email.<\/li>\n\n\n\n<li>Allow you to browse the Site<\/li>\n\n\n\n<li>Communicate news about Man\u00e9 Guernehu\u00e9 and our new products, as well as proposing personalized offers and services.<\/li>\n\n\n\n<li>To carry out studies and technical tests with the aim of optimizing our site, improving our tools and services and offering you an ever more optimal browsing experience.<\/li>\n\n\n\n<li>Respond to your requests, expectations and complaints when you use our contact form, ensure follow-up and improve customer service<\/li>\n\n\n\n<li>Gather your opinion following a stay via our satisfaction questionnaire, and also to carry out statistical studies.<\/li>\n\n\n\n<li>Record and manage your participation in competitions offered on various media (Facebook, Instagram, etc.) throughout the year and send you your winnings.<\/li>\n\n\n\n<li>To analyze your experience and establish a profile in order to understand, anticipate and evaluate your preferences and thus provide you with offers in line with your expectations. In the context of this processing, your personal information may be transmitted to our technical service providers. For these analyses, your prior consent will be requested.  <\/li>\n\n\n\n<li>To comply with the law and respond to any requests from the legal authorities, to ensure compliance with the GTC, to notify the authorities in the event of unlawful conduct and to protect our rights in the event of injury or damage.<\/li>\n<\/ul>\n\n\n\n<p class=\"ls-paragraph\">The data concerning the user that may be collected by Man\u00e9 Guernehu\u00e9 is as follows:<\/p>\n\n\n\n<ul class=\"ls-list ls-list-undefined wp-block-list\">\n<li>Your contact details: surname, first name, date of birth, place of birth, home address, e-mail address, telephone and fax numbers, cell phone number, identity card number, number plate.<\/li>\n\n\n\n<li>Information on accompanying persons: surname, first name, date and place of birth, for whom you undertake to obtain prior consent.<\/li>\n\n\n\n<li>Commercial information: newsletter subscriptions, commercial push SMS messages, receipt of partner offers<\/li>\n\n\n\n<li>Payment information (payment method, amount paid)<\/li>\n\n\n\n<li>Exchanges made with us by mail, e-mail, chat service, telephone calls or on social networks, responses to satisfaction questionnaires, etc.<\/li>\n\n\n\n<li>Information relating to your use of our website and\/or mobile application<\/li>\n\n\n\n<li>Information concerning your application on our job site (CV, cover letter, photo)<\/li>\n<\/ul>\n\n\n\n<p class=\"ls-paragraph\">Man\u00e9 Guernehu\u00e9 undertakes to process and retain all personal information provided by the user in compliance with the provisions of the French Data Protection Act (Loi Informatique et Libert\u00e9s) and solely for the purpose of keeping the user informed of news from Man\u00e9 Guernehu\u00e9 and to give the user priority access to offers of goods and services related to the activity of Camping Man\u00e9 Guernehu\u00e9.<\/p>\n\n\n\n<p class=\"ls-paragraph\"><strong>3- Data retention and security<\/strong><br\/>Data is kept for no longer than is necessary for the purposes for which it was collected:<\/p>\n\n\n\n<p class=\"ls-paragraph\">for newsletter subscription management, data will be kept for as long as the subscription is active and all data will be deleted within 2 months of a user unsubscribing;<\/p>\n\n\n\n<p class=\"ls-paragraph\">Personal data relating to bookings is kept for a longer period of time in order to meet legal obligations (such as tax and sales regulations and for warranty purposes).<\/p>\n\n\n\n<p class=\"ls-paragraph\">All other data will be kept for a period of 2 years.<\/p>\n\n\n\n<p class=\"ls-paragraph\">Man\u00e9 Guernehu\u00e9 has taken all necessary precautions to preserve the confidentiality and security of personal data processed and to prevent it from being distorted, damaged, destroyed or accessed by unauthorized third parties<br\/>.<\/p>\n\n\n\n<p class=\"ls-paragraph\">To protect your data, we have implemented a rigorous security procedure. The data used is encrypted and protected by SSL (Secure Socket Layer) protocol, so that it can be managed and transferred in complete safety via a secure connection on a dedicated network. <\/p>\n\n\n\n<p class=\"ls-paragraph\">Your personal data is stored in Europe and is in some cases communicated to third parties located in countries outside the EEA but respecting this same privacy policy in accordance with European data protection laws.<br\/>We ask them to treat your information with the same high standards as those implemented at Man\u00e9 Guernehu\u00e9 in compliance with the RGPD.<\/p>\n\n\n\n<p class=\"ls-paragraph\">However, Man\u00e9 Guernehu\u00e9 does not control all the risks associated with the operation of the Internet and draws the attention of users to the existence of possible risks inherent in its use and operation.<\/p>\n\n\n\n<p class=\"ls-paragraph\">The Data Protection Officer (DPO) of the Yelloh! Village chain, of which Camping Man\u00e9 Guernehu\u00e9 is a member, ensures compliance with our privacy policy. If you have any complaints, please contact him at dpo@yellohvillage.com.  <\/p>\n\n\n\n<p class=\"ls-paragraph\"><strong>4- Users&#8217; rights<\/strong><br\/>Users are hereby informed that, in accordance with the French Data Protection Act (Loi Informatique et Libert\u00e9s), they have the right to access, update, rectify and delete their personal data at any time, by sending a request (specifying the subject<br\/>of the request) via the Internet to the following address:<\/p>\n\n\n\n<p class=\"ls-paragraph\"><a href=\"mailto:info@camping-baden.com\">info(@)camping-baden.com.com<\/a><\/p>\n\n\n\n<p class=\"ls-paragraph\">Or by post to the following address:<br\/>Camping Man\u00e9 Guernehu\u00e9<br\/>52 rue Man\u00e9 er Gro\u00ebz<br\/>56870 Baden<\/p>\n\n\n\n<p class=\"ls-paragraph\">which Camping Man\u00e9 Guernehu\u00e9 undertakes to process within seven working days.<\/p>\n\n\n\n<p class=\"ls-paragraph\">The user is hereby informed that, in accordance with the French Data Protection Act (Loi Informatique et Libert\u00e9s), he or she has the right at any time to object, for legitimate reasons, to personal data concerning him or her being processed.<\/p>\n\n\n\n<p class=\"ls-paragraph\"><strong>5 &#8211; Cookies, browsing data and loocatlisation<\/strong><br\/>When accessing the Site, and after the user has agreed to continue browsing, a cookie may be installed and stored for a maximum of 13 months in the user&#8217;s memory or on the hard disk, in order to facilitate browsing.<br\/>A cookie does not allow the user to be identified, but is an element used to record information relating to browsing on the Site (pages consulted, date and time of consultation, etc.).<\/p>\n\n\n\n<p class=\"ls-paragraph\">Cookies are used to :<\/p>\n\n\n\n<ul class=\"ls-list ls-list-undefined wp-block-list\">\n<li>to facilitate the browsing experience on the Site, to improve the interest and ergonomics of the services consulted on the Site, and to adapt the presentation of the Site;<\/li>\n\n\n\n<li>to store information relating to a form that the user has filled in on the Site (registration or account access) or to products selected on the Site (contents of an order basket, etc.);<\/li>\n\n\n\n<li>to count the number of visits to the Site, and thus compile statistics.<\/li>\n<\/ul>\n\n\n\n<p class=\"ls-paragraph\">Users may refuse to accept cookies by modifying their browser settings. However, this operation will result in the deletion of all cookies used by the browser, including those used by other<br\/>websites, which may lead to the alteration or loss of certain settings or information. The deletion of cookies may modify, or even render difficult, browsing on the Site.  <\/p>\n\n\n\n<p class=\"ls-paragraph\">Each browser is configured differently to manage cookies and user choices. It is described in the browser&#8217;s help menu, which will enable users to find out how to modify their cookie preferences<br\/>. <\/p>\n\n\n\n<ul class=\"ls-list ls-list-undefined wp-block-list\">\n<li>For Internet Explorer\u2122: https: <a href=\"https:\/\/support.microsoft.com\/fr-fr\/help\/17442\/windows-internet-explorer-delete-manage-cookies\" target=\"_blank\" rel=\"noreferrer noopener\">\/\/support.microsoft.com\/fr-fr\/help\/17442\/windows-internet-explorer-delete-manage-cookies,<\/a><\/li>\n\n\n\n<li>For Safari\u2122: https: <a href=\"https:\/\/support.apple.com\/fr-fr\/guide\/safari\/manage-cookies-and-website-data-sfri11471\/mac\" target=\"_blank\" rel=\"noreferrer noopener\">\/\/support.apple.com\/fr-fr\/guide\/safari\/manage-cookies-and-website-data-sfri11471\/mac,<\/a><\/li>\n\n\n\n<li>For Chrome\u2122: https: <a href=\"https:\/\/support.google.com\/chrome\/answer\/2392709?hl=fr&amp;ref_topic=7438008\" target=\"_blank\" rel=\"noreferrer noopener\">\/\/support.google.com\/chrome\/answer\/2392709?hl=fr&amp;ref_topic=7438008,<\/a><\/li>\n\n\n\n<li>For Firefox\u2122: https: <a href=\"https:\/\/support.mozilla.org\/fr\/kb\/activer-desactiver-cookies-preferences\" target=\"_blank\" rel=\"noreferrer noopener\">\/\/support.mozilla.org\/fr\/kb\/activer-desactiver-cookies-preferences,<\/a><\/li>\n\n\n\n<li>For Opera\u2122: http: <a href=\"http:\/\/help.opera.com\/Windows\/10.20\/fr\/cookies.html\" target=\"_blank\" rel=\"noreferrer noopener\">\/\/help.opera.com\/Windows\/10.20\/fr\/cookies.html<\/a><\/li>\n<\/ul>\n\n\n\n<p class=\"ls-paragraph\">Disabling online cookies :<\/p>\n\n\n\n<blockquote class=\"wp-block-quote is-layout-flow wp-block-quote-is-layout-flow\">\n<p class=\"ls-paragraph\"><strong>Cookie category<\/strong> -&gt;<strong>How to deactivate<\/strong><br\/>Analytics and performance cookies -&gt;<a href=\"https:\/\/tools.google.com\/dlpage\/gaoptout?hl=fr\" target=\"_blank\" rel=\"noreferrer noopener\">Google Analytics<\/a><br\/>Social networking cookies -&gt; <a href=\"https:\/\/www.facebook.com\/policies\/cookies\/\" target=\"_blank\" rel=\"noreferrer noopener\">Facebook<\/a>, <a href=\"https:\/\/help.instagram.com\/1896641480634370?ref=ig\" target=\"_blank\" rel=\"noreferrer noopener\">Instagram<\/a>, <a href=\"https:\/\/help.twitter.com\/fr\/rules-and-policies\/twitter-cookies\" target=\"_blank\" rel=\"noreferrer noopener\">Twitter<\/a>, <a href=\"https:\/\/support.google.com\/youtube\/answer\/32050?hl=fr&amp;co=GENIE.Platform%3DDesktop\" target=\"_blank\" rel=\"noreferrer noopener\">YouTube<\/a><\/p>\n<\/blockquote>\n\n\n\n<p class=\"ls-paragraph\">Use of online platforms to control advertising cookies :<\/p>\n\n\n\n<p class=\"ls-paragraph\">Visit the Youronlinechoices website, proposed by digital advertising professionals belonging to the European Digital Advertising Alliance ( <a href=\"http:\/\/www.youronlinechoices.com\/fr\/controler-ses-cookies\/\" target=\"_blank\" rel=\"noreferrer noopener\">EDAA<\/a> ), to refuse or accept cookies used by advertising professionals belonging to this association.<\/p>\n\n\n\n<p class=\"ls-paragraph\">Please note that the deletion of cookies may modify, or even render difficult, browsing on the Site.<\/p>\n<\/div>\n<\/div>\n\n\r\n    <\/div>\r\n<\/section>","protected":false},"excerpt":{"rendered":"","protected":false},"author":1,"featured_media":6144,"parent":0,"menu_order":0,"comment_status":"closed","ping_status":"open","template":"","meta":{"_acf_changed":false,"footnotes":""},"sujet":[],"class_list":["post-10889","page","type-page","status-publish","has-post-thumbnail","hentry"],"acf":[],"yoast_head":"<!-- This site is optimized with the Yoast SEO plugin v25.3 - https:\/\/yoast.com\/wordpress\/plugins\/seo\/ -->\n<title>Privacy policy - Man\u00e9 Guernehu\u00e9<\/title>\n<meta name=\"robots\" content=\"noindex, nofollow\" \/>\n<meta property=\"og:locale\" content=\"en_US\" \/>\n<meta property=\"og:type\" content=\"article\" \/>\n<meta property=\"og:title\" content=\"Privacy policy - Man\u00e9 Guernehu\u00e9\" \/>\n<meta property=\"og:url\" content=\"https:\/\/www.camping-baden.com\/en\/privacy-policy\/\" \/>\n<meta property=\"og:site_name\" content=\"Man\u00e9 Guernehu\u00e9\" \/>\n<meta property=\"article:modified_time\" content=\"2024-10-30T15:25:56+00:00\" \/>\n<meta property=\"og:image\" content=\"https:\/\/www.camping-baden.com\/wp-content\/uploads\/2024\/09\/equipe-caming-golfe-morbihan-baden.webp\" \/>\n\t<meta property=\"og:image:width\" content=\"2000\" \/>\n\t<meta property=\"og:image:height\" content=\"956\" \/>\n\t<meta property=\"og:image:type\" content=\"image\/webp\" \/>\n<meta name=\"twitter:card\" content=\"summary_large_image\" \/>\n<meta name=\"twitter:label1\" content=\"Est. reading time\" \/>\n\t<meta name=\"twitter:data1\" content=\"7 minutes\" \/>\n<script type=\"application\/ld+json\" class=\"yoast-schema-graph\">{\"@context\":\"https:\/\/schema.org\",\"@graph\":[{\"@type\":\"WebPage\",\"@id\":\"https:\/\/www.camping-baden.com\/en\/privacy-policy\/\",\"url\":\"https:\/\/www.camping-baden.com\/en\/privacy-policy\/\",\"name\":\"Privacy policy - Man\u00e9 Guernehu\u00e9\",\"isPartOf\":{\"@id\":\"https:\/\/www.camping-baden.com\/en\/#website\"},\"primaryImageOfPage\":{\"@id\":\"https:\/\/www.camping-baden.com\/en\/privacy-policy\/#primaryimage\"},\"image\":{\"@id\":\"https:\/\/www.camping-baden.com\/en\/privacy-policy\/#primaryimage\"},\"thumbnailUrl\":\"https:\/\/www.camping-baden.com\/wp-content\/uploads\/2024\/09\/equipe-caming-golfe-morbihan-baden.webp\",\"datePublished\":\"2024-08-26T10:05:34+00:00\",\"dateModified\":\"2024-10-30T15:25:56+00:00\",\"breadcrumb\":{\"@id\":\"https:\/\/www.camping-baden.com\/en\/privacy-policy\/#breadcrumb\"},\"inLanguage\":\"en-US\",\"potentialAction\":[{\"@type\":\"ReadAction\",\"target\":[\"https:\/\/www.camping-baden.com\/en\/privacy-policy\/\"]}]},{\"@type\":\"ImageObject\",\"inLanguage\":\"en-US\",\"@id\":\"https:\/\/www.camping-baden.com\/en\/privacy-policy\/#primaryimage\",\"url\":\"https:\/\/www.camping-baden.com\/wp-content\/uploads\/2024\/09\/equipe-caming-golfe-morbihan-baden.webp\",\"contentUrl\":\"https:\/\/www.camping-baden.com\/wp-content\/uploads\/2024\/09\/equipe-caming-golfe-morbihan-baden.webp\",\"width\":2000,\"height\":956,\"caption\":\"team caming golfe morbihan baden\"},{\"@type\":\"BreadcrumbList\",\"@id\":\"https:\/\/www.camping-baden.com\/en\/privacy-policy\/#breadcrumb\",\"itemListElement\":[{\"@type\":\"ListItem\",\"position\":1,\"name\":\"Camping Golfe du Morbihan\",\"item\":\"https:\/\/www.camping-baden.com\/en\/\"},{\"@type\":\"ListItem\",\"position\":2,\"name\":\"Privacy policy\"}]},{\"@type\":\"WebSite\",\"@id\":\"https:\/\/www.camping-baden.com\/en\/#website\",\"url\":\"https:\/\/www.camping-baden.com\/en\/\",\"name\":\"Man\u00e9 Guernehu\u00e9\",\"description\":\"\",\"publisher\":{\"@id\":\"https:\/\/www.camping-baden.com\/en\/#organization\"},\"potentialAction\":[{\"@type\":\"SearchAction\",\"target\":{\"@type\":\"EntryPoint\",\"urlTemplate\":\"https:\/\/www.camping-baden.com\/en\/?s={search_term_string}\"},\"query-input\":{\"@type\":\"PropertyValueSpecification\",\"valueRequired\":true,\"valueName\":\"search_term_string\"}}],\"inLanguage\":\"en-US\"},{\"@type\":\"Organization\",\"@id\":\"https:\/\/www.camping-baden.com\/en\/#organization\",\"name\":\"Man\u00e9 Guernehu\u00e9\",\"url\":\"https:\/\/www.camping-baden.com\/en\/\",\"logo\":{\"@type\":\"ImageObject\",\"inLanguage\":\"en-US\",\"@id\":\"https:\/\/www.camping-baden.com\/en\/#\/schema\/logo\/image\/\",\"url\":\"https:\/\/www.camping-baden.com\/wp-content\/uploads\/2024\/08\/logo-camping-mane-guernehue.png\",\"contentUrl\":\"https:\/\/www.camping-baden.com\/wp-content\/uploads\/2024\/08\/logo-camping-mane-guernehue.png\",\"width\":1000,\"height\":450,\"caption\":\"Man\u00e9 Guernehu\u00e9\"},\"image\":{\"@id\":\"https:\/\/www.camping-baden.com\/en\/#\/schema\/logo\/image\/\"}}]}<\/script>\n<!-- \/ Yoast SEO plugin. -->","yoast_head_json":{"title":"Privacy policy - Man\u00e9 Guernehu\u00e9","robots":{"index":"noindex","follow":"nofollow"},"og_locale":"en_US","og_type":"article","og_title":"Privacy policy - Man\u00e9 Guernehu\u00e9","og_url":"https:\/\/www.camping-baden.com\/en\/privacy-policy\/","og_site_name":"Man\u00e9 Guernehu\u00e9","article_modified_time":"2024-10-30T15:25:56+00:00","og_image":[{"width":2000,"height":956,"url":"https:\/\/www.camping-baden.com\/wp-content\/uploads\/2024\/09\/equipe-caming-golfe-morbihan-baden.webp","type":"image\/webp"}],"twitter_card":"summary_large_image","twitter_misc":{"Est. reading time":"7 minutes"},"schema":{"@context":"https:\/\/schema.org","@graph":[{"@type":"WebPage","@id":"https:\/\/www.camping-baden.com\/en\/privacy-policy\/","url":"https:\/\/www.camping-baden.com\/en\/privacy-policy\/","name":"Privacy policy - Man\u00e9 Guernehu\u00e9","isPartOf":{"@id":"https:\/\/www.camping-baden.com\/en\/#website"},"primaryImageOfPage":{"@id":"https:\/\/www.camping-baden.com\/en\/privacy-policy\/#primaryimage"},"image":{"@id":"https:\/\/www.camping-baden.com\/en\/privacy-policy\/#primaryimage"},"thumbnailUrl":"https:\/\/www.camping-baden.com\/wp-content\/uploads\/2024\/09\/equipe-caming-golfe-morbihan-baden.webp","datePublished":"2024-08-26T10:05:34+00:00","dateModified":"2024-10-30T15:25:56+00:00","breadcrumb":{"@id":"https:\/\/www.camping-baden.com\/en\/privacy-policy\/#breadcrumb"},"inLanguage":"en-US","potentialAction":[{"@type":"ReadAction","target":["https:\/\/www.camping-baden.com\/en\/privacy-policy\/"]}]},{"@type":"ImageObject","inLanguage":"en-US","@id":"https:\/\/www.camping-baden.com\/en\/privacy-policy\/#primaryimage","url":"https:\/\/www.camping-baden.com\/wp-content\/uploads\/2024\/09\/equipe-caming-golfe-morbihan-baden.webp","contentUrl":"https:\/\/www.camping-baden.com\/wp-content\/uploads\/2024\/09\/equipe-caming-golfe-morbihan-baden.webp","width":2000,"height":956,"caption":"team caming golfe morbihan baden"},{"@type":"BreadcrumbList","@id":"https:\/\/www.camping-baden.com\/en\/privacy-policy\/#breadcrumb","itemListElement":[{"@type":"ListItem","position":1,"name":"Camping Golfe du Morbihan","item":"https:\/\/www.camping-baden.com\/en\/"},{"@type":"ListItem","position":2,"name":"Privacy policy"}]},{"@type":"WebSite","@id":"https:\/\/www.camping-baden.com\/en\/#website","url":"https:\/\/www.camping-baden.com\/en\/","name":"Man\u00e9 Guernehu\u00e9","description":"","publisher":{"@id":"https:\/\/www.camping-baden.com\/en\/#organization"},"potentialAction":[{"@type":"SearchAction","target":{"@type":"EntryPoint","urlTemplate":"https:\/\/www.camping-baden.com\/en\/?s={search_term_string}"},"query-input":{"@type":"PropertyValueSpecification","valueRequired":true,"valueName":"search_term_string"}}],"inLanguage":"en-US"},{"@type":"Organization","@id":"https:\/\/www.camping-baden.com\/en\/#organization","name":"Man\u00e9 Guernehu\u00e9","url":"https:\/\/www.camping-baden.com\/en\/","logo":{"@type":"ImageObject","inLanguage":"en-US","@id":"https:\/\/www.camping-baden.com\/en\/#\/schema\/logo\/image\/","url":"https:\/\/www.camping-baden.com\/wp-content\/uploads\/2024\/08\/logo-camping-mane-guernehue.png","contentUrl":"https:\/\/www.camping-baden.com\/wp-content\/uploads\/2024\/08\/logo-camping-mane-guernehue.png","width":1000,"height":450,"caption":"Man\u00e9 Guernehu\u00e9"},"image":{"@id":"https:\/\/www.camping-baden.com\/en\/#\/schema\/logo\/image\/"}}]}},"_links":{"self":[{"href":"https:\/\/www.camping-baden.com\/en\/wp-json\/wp\/v2\/pages\/10889","targetHints":{"allow":["GET"]}}],"collection":[{"href":"https:\/\/www.camping-baden.com\/en\/wp-json\/wp\/v2\/pages"}],"about":[{"href":"https:\/\/www.camping-baden.com\/en\/wp-json\/wp\/v2\/types\/page"}],"author":[{"embeddable":true,"href":"https:\/\/www.camping-baden.com\/en\/wp-json\/wp\/v2\/users\/1"}],"replies":[{"embeddable":true,"href":"https:\/\/www.camping-baden.com\/en\/wp-json\/wp\/v2\/comments?post=10889"}],"version-history":[{"count":1,"href":"https:\/\/www.camping-baden.com\/en\/wp-json\/wp\/v2\/pages\/10889\/revisions"}],"predecessor-version":[{"id":10890,"href":"https:\/\/www.camping-baden.com\/en\/wp-json\/wp\/v2\/pages\/10889\/revisions\/10890"}],"wp:featuredmedia":[{"embeddable":true,"href":"https:\/\/www.camping-baden.com\/en\/wp-json\/wp\/v2\/media\/6144"}],"wp:attachment":[{"href":"https:\/\/www.camping-baden.com\/en\/wp-json\/wp\/v2\/media?parent=10889"}],"wp:term":[{"taxonomy":"sujet","embeddable":true,"href":"https:\/\/www.camping-baden.com\/en\/wp-json\/wp\/v2\/sujet?post=10889"}],"curies":[{"name":"wp","href":"https:\/\/api.w.org\/{rel}","templated":true}]}}