{"id":10773,"date":"2024-09-30T12:18:51","date_gmt":"2024-09-30T10:18:51","guid":{"rendered":"https:\/\/www.camping-baden.com\/full-marks\/"},"modified":"2024-10-30T16:26:07","modified_gmt":"2024-10-30T15:26:07","slug":"full-marks","status":"publish","type":"page","link":"https:\/\/www.camping-baden.com\/en\/full-marks\/","title":{"rendered":"Terms of use"},"content":{"rendered":"<section id=\"ls-section-block_8758bb94f4692a01b25af1642c6b2c0d\" class=\"ls-section  home-sixth page-one\" >\r\n        <div class=\"container container--full\">\r\n        \n\n<div class=\"wp-block-columns are-vertically-aligned-center first is-layout-flex wp-container-core-columns-is-layout-9d6595d7 wp-block-columns-is-layout-flex\">\n<div class=\"wp-block-column is-vertically-aligned-center text is-layout-flow wp-block-column-is-layout-flow\" style=\"flex-basis:100%\">\n<h1 class=\"ls__heading wp-block-heading has-color-2-color has-text-color has-link-color wp-elements-1dc096756236ce7972e02100cb324d1d\">Terms of use<\/h1>\n\n\n\n<h2 class=\"ls__heading wp-block-heading has-color-1-color has-text-color has-link-color wp-elements-8f9c91d285fe0a4b452a2a40a5ddf73a\">Site manager<\/h2>\n\n\n\n<p class=\"ls-paragraph\"><strong>CAMPING MANE GUERNEHUE<\/strong> (SAS)<br\/>52 Rue Man\u00e9 er Groez 56870 BADEN<br\/>T\u00e9l. 02 97 57 02 06<br\/>Email: info@camping-baden.com<br\/>SIRET : 382 385 276 00011<br\/>APE : 5520Z<br\/>RC : Allianz Assurance police n\u00b0558 186 76<br\/>TVA Intracommunautaire : FR84382385276<br\/>Share capital : 43 752,87\u20ac<br\/>Immatriculation n\u00b0 382 385 276 au R.C.S de Vannes<br\/>CNIL declaration n\u00b0 17 39 881<br\/>Publication manager: M. Madec <br\/>Company manager: Marie-Pierre Madec<\/p>\n\n\n\n<h2 class=\"ls__heading wp-block-heading has-color-1-color has-text-color has-link-color wp-elements-737ab0d71622d1d75ac639ef6dca2534\">Realization<\/h2>\n\n\n\n<p class=\"ls-paragraph\"><strong>GEEK TONIC<\/strong><br\/>Represented by Mr. Yohan Darmayan in his capacity as Manager<br\/>Registered office: 50 AV. DU LAC MARION 64200 BIARRITZ<br\/>Tel: 05 32 74 11 52<br\/>E-mail: support@geek-tonic.com<br\/>Website: <a href=\"https:\/\/www.geek-tonic.com\/\" target=\"_blank\" rel=\"noreferrer noopener\">www.geek-tonic.com<\/a><br\/>SIRET: 89746755100015<br\/>APE: 6201Z <\/p>\n\n\n\n<h2 class=\"ls__heading wp-block-heading has-color-1-color has-text-color has-link-color wp-elements-fc9184c6871915655099e64a689cbcb2\">Copyrights<\/h2>\n\n\n\n<p class=\"ls-paragraph\">The entire content of this site is subject to copyright and intellectual property rights under French law. Any reproduction (including photos, icons and downloadable documents) is prohibited without the prior consent of Man\u00e9 Guernehu\u00e9. Reproduction on an electronic medium of all or part of the site in paper or electronic format is prohibited. Man\u00e9 Guernehu\u00e9 declines all responsibility for the content of the website. Man\u00e9 Guernehu\u00e9 also declines all responsibility for external links pointing to this site.   <\/p>\n\n\n\n<h2 class=\"ls__heading wp-block-heading has-color-1-color has-text-color has-link-color wp-elements-4bfac9366b046f335b17031e005444dc\" id=\"m-t-6\">Personal data and nominative information<\/h2>\n\n\n\n<p class=\"ls-paragraph\">You have the right to access, modify, rectify and delete data concerning you in accordance with Article 34 of the French Data Protection Act (Loi &#8221; Informatique et Libert\u00e9s &#8221; n\u00b0 78-17 du 6 janvier 1978, modified on August 6, 2018). To exercise your right of access, simply send a written request to the site editor.<\/p>\n\n\n\n<h2 class=\"ls__heading wp-block-heading has-color-1-color has-text-color has-link-color wp-elements-111ae1858d80dc1b5450c29e32d3845c\">Legislation<\/h2>\n\n\n\n<p class=\"ls-paragraph\">In accordance with the law of March 11, 1957 (art. 41) and the intellectual property code of July 1, 1992, it is forbidden to reproduce any part of the site in whole or in part without prior authorization from the site editor. Logos, visuals, photos, videos, graphic charts and texts are the property of their respective owners. This site may be linked to other sites through hyperlinks. The site editor declines all responsibility for the information presented on these other sites. The Internet user acknowledges that use of this site is governed by French law.<\/p>\n<\/div>\n<\/div>\n\n\r\n    <\/div>\r\n<\/section>","protected":false},"excerpt":{"rendered":"","protected":false},"author":1,"featured_media":6144,"parent":0,"menu_order":0,"comment_status":"closed","ping_status":"closed","template":"","meta":{"_acf_changed":false,"footnotes":""},"sujet":[],"class_list":["post-10773","page","type-page","status-publish","has-post-thumbnail","hentry"],"acf":[],"yoast_head":"<!-- This site is optimized with the Yoast SEO plugin v25.3 - https:\/\/yoast.com\/wordpress\/plugins\/seo\/ -->\n<title>Terms of use - Man\u00e9 Guernehu\u00e9<\/title>\n<meta name=\"robots\" content=\"noindex, nofollow\" \/>\n<meta property=\"og:locale\" content=\"en_US\" \/>\n<meta property=\"og:type\" content=\"article\" \/>\n<meta property=\"og:title\" content=\"Terms of use - Man\u00e9 Guernehu\u00e9\" \/>\n<meta property=\"og:url\" content=\"https:\/\/www.camping-baden.com\/en\/full-marks\/\" \/>\n<meta property=\"og:site_name\" content=\"Man\u00e9 Guernehu\u00e9\" \/>\n<meta property=\"article:modified_time\" content=\"2024-10-30T15:26:07+00:00\" \/>\n<meta property=\"og:image\" content=\"https:\/\/www.camping-baden.com\/wp-content\/uploads\/2024\/09\/equipe-caming-golfe-morbihan-baden.webp\" \/>\n\t<meta property=\"og:image:width\" content=\"2000\" \/>\n\t<meta property=\"og:image:height\" content=\"956\" \/>\n\t<meta property=\"og:image:type\" content=\"image\/webp\" \/>\n<meta name=\"twitter:card\" content=\"summary_large_image\" \/>\n<meta name=\"twitter:label1\" content=\"Est. reading time\" \/>\n\t<meta name=\"twitter:data1\" content=\"1 minute\" \/>\n<script type=\"application\/ld+json\" class=\"yoast-schema-graph\">{\"@context\":\"https:\/\/schema.org\",\"@graph\":[{\"@type\":\"WebPage\",\"@id\":\"https:\/\/www.camping-baden.com\/en\/full-marks\/\",\"url\":\"https:\/\/www.camping-baden.com\/en\/full-marks\/\",\"name\":\"Terms of use - Man\u00e9 Guernehu\u00e9\",\"isPartOf\":{\"@id\":\"https:\/\/www.camping-baden.com\/en\/#website\"},\"primaryImageOfPage\":{\"@id\":\"https:\/\/www.camping-baden.com\/en\/full-marks\/#primaryimage\"},\"image\":{\"@id\":\"https:\/\/www.camping-baden.com\/en\/full-marks\/#primaryimage\"},\"thumbnailUrl\":\"https:\/\/www.camping-baden.com\/wp-content\/uploads\/2024\/09\/equipe-caming-golfe-morbihan-baden.webp\",\"datePublished\":\"2024-09-30T10:18:51+00:00\",\"dateModified\":\"2024-10-30T15:26:07+00:00\",\"breadcrumb\":{\"@id\":\"https:\/\/www.camping-baden.com\/en\/full-marks\/#breadcrumb\"},\"inLanguage\":\"en-US\",\"potentialAction\":[{\"@type\":\"ReadAction\",\"target\":[\"https:\/\/www.camping-baden.com\/en\/full-marks\/\"]}]},{\"@type\":\"ImageObject\",\"inLanguage\":\"en-US\",\"@id\":\"https:\/\/www.camping-baden.com\/en\/full-marks\/#primaryimage\",\"url\":\"https:\/\/www.camping-baden.com\/wp-content\/uploads\/2024\/09\/equipe-caming-golfe-morbihan-baden.webp\",\"contentUrl\":\"https:\/\/www.camping-baden.com\/wp-content\/uploads\/2024\/09\/equipe-caming-golfe-morbihan-baden.webp\",\"width\":2000,\"height\":956,\"caption\":\"team caming golfe morbihan baden\"},{\"@type\":\"BreadcrumbList\",\"@id\":\"https:\/\/www.camping-baden.com\/en\/full-marks\/#breadcrumb\",\"itemListElement\":[{\"@type\":\"ListItem\",\"position\":1,\"name\":\"Camping Golfe du Morbihan\",\"item\":\"https:\/\/www.camping-baden.com\/en\/\"},{\"@type\":\"ListItem\",\"position\":2,\"name\":\"Terms of use\"}]},{\"@type\":\"WebSite\",\"@id\":\"https:\/\/www.camping-baden.com\/en\/#website\",\"url\":\"https:\/\/www.camping-baden.com\/en\/\",\"name\":\"Man\u00e9 Guernehu\u00e9\",\"description\":\"\",\"publisher\":{\"@id\":\"https:\/\/www.camping-baden.com\/en\/#organization\"},\"potentialAction\":[{\"@type\":\"SearchAction\",\"target\":{\"@type\":\"EntryPoint\",\"urlTemplate\":\"https:\/\/www.camping-baden.com\/en\/?s={search_term_string}\"},\"query-input\":{\"@type\":\"PropertyValueSpecification\",\"valueRequired\":true,\"valueName\":\"search_term_string\"}}],\"inLanguage\":\"en-US\"},{\"@type\":\"Organization\",\"@id\":\"https:\/\/www.camping-baden.com\/en\/#organization\",\"name\":\"Man\u00e9 Guernehu\u00e9\",\"url\":\"https:\/\/www.camping-baden.com\/en\/\",\"logo\":{\"@type\":\"ImageObject\",\"inLanguage\":\"en-US\",\"@id\":\"https:\/\/www.camping-baden.com\/en\/#\/schema\/logo\/image\/\",\"url\":\"https:\/\/www.camping-baden.com\/wp-content\/uploads\/2024\/08\/logo-camping-mane-guernehue.png\",\"contentUrl\":\"https:\/\/www.camping-baden.com\/wp-content\/uploads\/2024\/08\/logo-camping-mane-guernehue.png\",\"width\":1000,\"height\":450,\"caption\":\"Man\u00e9 Guernehu\u00e9\"},\"image\":{\"@id\":\"https:\/\/www.camping-baden.com\/en\/#\/schema\/logo\/image\/\"}}]}<\/script>\n<!-- \/ Yoast SEO plugin. -->","yoast_head_json":{"title":"Terms of use - Man\u00e9 Guernehu\u00e9","robots":{"index":"noindex","follow":"nofollow"},"og_locale":"en_US","og_type":"article","og_title":"Terms of use - Man\u00e9 Guernehu\u00e9","og_url":"https:\/\/www.camping-baden.com\/en\/full-marks\/","og_site_name":"Man\u00e9 Guernehu\u00e9","article_modified_time":"2024-10-30T15:26:07+00:00","og_image":[{"width":2000,"height":956,"url":"https:\/\/www.camping-baden.com\/wp-content\/uploads\/2024\/09\/equipe-caming-golfe-morbihan-baden.webp","type":"image\/webp"}],"twitter_card":"summary_large_image","twitter_misc":{"Est. reading time":"1 minute"},"schema":{"@context":"https:\/\/schema.org","@graph":[{"@type":"WebPage","@id":"https:\/\/www.camping-baden.com\/en\/full-marks\/","url":"https:\/\/www.camping-baden.com\/en\/full-marks\/","name":"Terms of use - Man\u00e9 Guernehu\u00e9","isPartOf":{"@id":"https:\/\/www.camping-baden.com\/en\/#website"},"primaryImageOfPage":{"@id":"https:\/\/www.camping-baden.com\/en\/full-marks\/#primaryimage"},"image":{"@id":"https:\/\/www.camping-baden.com\/en\/full-marks\/#primaryimage"},"thumbnailUrl":"https:\/\/www.camping-baden.com\/wp-content\/uploads\/2024\/09\/equipe-caming-golfe-morbihan-baden.webp","datePublished":"2024-09-30T10:18:51+00:00","dateModified":"2024-10-30T15:26:07+00:00","breadcrumb":{"@id":"https:\/\/www.camping-baden.com\/en\/full-marks\/#breadcrumb"},"inLanguage":"en-US","potentialAction":[{"@type":"ReadAction","target":["https:\/\/www.camping-baden.com\/en\/full-marks\/"]}]},{"@type":"ImageObject","inLanguage":"en-US","@id":"https:\/\/www.camping-baden.com\/en\/full-marks\/#primaryimage","url":"https:\/\/www.camping-baden.com\/wp-content\/uploads\/2024\/09\/equipe-caming-golfe-morbihan-baden.webp","contentUrl":"https:\/\/www.camping-baden.com\/wp-content\/uploads\/2024\/09\/equipe-caming-golfe-morbihan-baden.webp","width":2000,"height":956,"caption":"team caming golfe morbihan baden"},{"@type":"BreadcrumbList","@id":"https:\/\/www.camping-baden.com\/en\/full-marks\/#breadcrumb","itemListElement":[{"@type":"ListItem","position":1,"name":"Camping Golfe du Morbihan","item":"https:\/\/www.camping-baden.com\/en\/"},{"@type":"ListItem","position":2,"name":"Terms of use"}]},{"@type":"WebSite","@id":"https:\/\/www.camping-baden.com\/en\/#website","url":"https:\/\/www.camping-baden.com\/en\/","name":"Man\u00e9 Guernehu\u00e9","description":"","publisher":{"@id":"https:\/\/www.camping-baden.com\/en\/#organization"},"potentialAction":[{"@type":"SearchAction","target":{"@type":"EntryPoint","urlTemplate":"https:\/\/www.camping-baden.com\/en\/?s={search_term_string}"},"query-input":{"@type":"PropertyValueSpecification","valueRequired":true,"valueName":"search_term_string"}}],"inLanguage":"en-US"},{"@type":"Organization","@id":"https:\/\/www.camping-baden.com\/en\/#organization","name":"Man\u00e9 Guernehu\u00e9","url":"https:\/\/www.camping-baden.com\/en\/","logo":{"@type":"ImageObject","inLanguage":"en-US","@id":"https:\/\/www.camping-baden.com\/en\/#\/schema\/logo\/image\/","url":"https:\/\/www.camping-baden.com\/wp-content\/uploads\/2024\/08\/logo-camping-mane-guernehue.png","contentUrl":"https:\/\/www.camping-baden.com\/wp-content\/uploads\/2024\/08\/logo-camping-mane-guernehue.png","width":1000,"height":450,"caption":"Man\u00e9 Guernehu\u00e9"},"image":{"@id":"https:\/\/www.camping-baden.com\/en\/#\/schema\/logo\/image\/"}}]}},"_links":{"self":[{"href":"https:\/\/www.camping-baden.com\/en\/wp-json\/wp\/v2\/pages\/10773","targetHints":{"allow":["GET"]}}],"collection":[{"href":"https:\/\/www.camping-baden.com\/en\/wp-json\/wp\/v2\/pages"}],"about":[{"href":"https:\/\/www.camping-baden.com\/en\/wp-json\/wp\/v2\/types\/page"}],"author":[{"embeddable":true,"href":"https:\/\/www.camping-baden.com\/en\/wp-json\/wp\/v2\/users\/1"}],"replies":[{"embeddable":true,"href":"https:\/\/www.camping-baden.com\/en\/wp-json\/wp\/v2\/comments?post=10773"}],"version-history":[{"count":2,"href":"https:\/\/www.camping-baden.com\/en\/wp-json\/wp\/v2\/pages\/10773\/revisions"}],"predecessor-version":[{"id":10895,"href":"https:\/\/www.camping-baden.com\/en\/wp-json\/wp\/v2\/pages\/10773\/revisions\/10895"}],"wp:featuredmedia":[{"embeddable":true,"href":"https:\/\/www.camping-baden.com\/en\/wp-json\/wp\/v2\/media\/6144"}],"wp:attachment":[{"href":"https:\/\/www.camping-baden.com\/en\/wp-json\/wp\/v2\/media?parent=10773"}],"wp:term":[{"taxonomy":"sujet","embeddable":true,"href":"https:\/\/www.camping-baden.com\/en\/wp-json\/wp\/v2\/sujet?post=10773"}],"curies":[{"name":"wp","href":"https:\/\/api.w.org\/{rel}","templated":true}]}}