{"id":10891,"date":"2024-08-26T12:05:34","date_gmt":"2024-08-26T10:05:34","guid":{"rendered":"https:\/\/www.camping-baden.com\/datenschutzerklarung\/"},"modified":"2024-10-30T16:25:59","modified_gmt":"2024-10-30T15:25:59","slug":"datenschutzerklarung","status":"publish","type":"page","link":"https:\/\/www.camping-baden.com\/de\/datenschutzerklarung\/","title":{"rendered":"Datenschutzrichtlinie"},"content":{"rendered":"<section id=\"ls-section-block_62507567b70312c0ba526f22d4100805\" class=\"ls-section  home-sixth page-one\" >\r\n        <div class=\"container container--full\">\r\n        \n\n<div class=\"wp-block-columns are-vertically-aligned-center first is-layout-flex wp-container-core-columns-is-layout-9d6595d7 wp-block-columns-is-layout-flex\">\n<div class=\"wp-block-column is-vertically-aligned-center text is-layout-flow wp-block-column-is-layout-flow\" style=\"flex-basis:100%\">\n<h1 class=\"ls__heading wp-block-heading has-color-2-color has-text-color has-link-color wp-elements-dd13a3e3fd646f5557dd2e9c2e6267ba\">Datenschutzrichtlinie<\/h1>\n\n\n\n<h2 class=\"ls__heading wp-block-heading has-color-1-color has-text-color has-link-color wp-elements-631ecd94821d4d9004786af5d2266f41\">Respekt f\u00fcr das Privatleben<\/h2>\n\n\n\n<p class=\"ls-paragraph\"><strong>Erkl\u00e4rung bei der CNIL Nr. 17 39 881<\/strong><\/p>\n\n\n\n<p class=\"ls-paragraph\">Gem\u00e4\u00df dem Gesetz &#8222;Informatique et Libert\u00e9s&#8220; vom 6. Januar 1978 haben die Personen, die pers\u00f6nliche Daten zur Verf\u00fcgung gestellt haben, ein vollst\u00e4ndiges Recht auf Einsichtnahme in diese Daten. Um Ihr Recht auf Zugang und \u00c4nderung dieser Daten auszu\u00fcben, senden Sie bitte eine E-Mail an die folgende Adresse: info@camping-baden.com . Dar\u00fcber hinaus werden keine pers\u00f6nlichen Informationen ohne das Wissen der Nutzer der Website gesammelt, an Dritte weitergegeben oder f\u00fcr pers\u00f6nliche Zwecke verwendet.  <br\/>In Anwendung des Gesetzes vom 11. M\u00e4rz 1957 (Art. 41) und des Gesetzes \u00fcber geistiges Eigentum vom 1. Juli 1992 ist jede teilweise oder vollst\u00e4ndige Vervielf\u00e4ltigung f\u00fcr kollektive Zwecke ohne Genehmigung der Firma Man\u00e9 Guernehu\u00e9 strengstens untersagt.<br\/>Die Logos, Bilder und Marken auf dieser Website sind Eigentum ihrer jeweiligen Besitzer.<br\/>Fotos und Pl\u00e4ne der Mietobjekte sind nicht vertraglich bindend<br\/>Diese Website kann ohne ihr Wissen mit anderen Websites \u00fcber Hyperlinks verbunden sein. Der Herausgeber und das Unternehmen Man\u00e9 Guernehu\u00e9 \u00fcbernehmen keine Verantwortung f\u00fcr die Informationen auf diesen anderen Websites.<br\/>Der Internetnutzer erkennt an, dass die Nutzung dieser Website dem franz\u00f6sischen Recht unterliegt. <\/p>\n\n\n\n<h2 class=\"ls__heading wp-block-heading has-color-1-color has-text-color has-link-color wp-elements-357bb53bddadfa661381a5952222f2c5\">Pers\u00f6nliche Daten und Cookies<\/h2>\n\n\n\n<p class=\"ls-paragraph\">Man\u00e9 Guernehu\u00e9 respektiert die Bedenken der Nutzer in Bezug auf die Vertraulichkeit der zur Verf\u00fcgung gestellten pers\u00f6nlichen Informationen und Daten.<\/p>\n\n\n\n<p class=\"ls-paragraph\"><strong>1- Empf\u00e4nger der gesammelten Daten<\/strong><\/p>\n\n\n\n<p class=\"ls-paragraph\">Man\u00e9 Guernehu\u00e9 ist Empf\u00e4nger der Daten.<br\/>Man\u00e9 Guernehu\u00e9 kann die pers\u00f6nlichen Daten der Nutzer an Drittanbieter weitergeben, um die Nutzung der Website statistisch zu untersuchen und die Website zu optimieren. In diesem Zusammenhang werden die pers\u00f6nlichen Daten der Nutzer anonymisiert. <\/p>\n\n\n\n<p class=\"ls-paragraph\"><strong>2- Zweck der Datensammlung<\/strong><br\/>\u00dcber die Website sammelt Man\u00e9 Guernehu\u00e9 Daten \u00fcber den Nutzer, die f\u00fcr die folgenden Zwecke unbedingt erforderlich sind:<\/p>\n\n\n\n<ul class=\"ls-list ls-list-undefined wp-block-list\">\n<li>Eine Buchung verwalten und best\u00e4tigen: die Zahlung einziehen, Ihre Buchung best\u00e4tigen und Ihnen per SMS oder E-Mail Informationen \u00fcber Ihren Aufenthalt zusenden.<\/li>\n\n\n\n<li>Ihnen das Surfen auf der Website zu erm\u00f6glichen<\/li>\n\n\n\n<li>\u00dcber die Neuigkeiten von Man\u00e9 Guernehu\u00e9 und unsere Neuheiten zu kommunizieren, aber auch Ihnen pers\u00f6nliche Angebote und Dienstleistungen anzubieten.<\/li>\n\n\n\n<li>Durchf\u00fchrung von Studien und technischen Tests, um unsere Website zu optimieren, unsere Tools und Dienstleistungen zu verbessern und Ihnen ein immer besseres Surferlebnis zu bieten.<\/li>\n\n\n\n<li>Beantwortung und Nachverfolgung Ihrer Anfragen, Erwartungen und Beschwerden, wenn Sie unser Kontaktformular verwenden, und Verbesserung des Kundenservice.<\/li>\n\n\n\n<li>Ihre Meinung nach einem Aufenthalt \u00fcber unseren Zufriedenheitsfragebogen zu sammeln, aber auch um statistische Studien durchzuf\u00fchren.<\/li>\n\n\n\n<li>Ihre Teilnahme an Gewinnspielen, die das ganze Jahr \u00fcber \u00fcber verschiedene Medien (Facebook, Instagram,&#8230;) angeboten werden, zu registrieren und zu verwalten und Ihnen Ihre Gewinne zuzusenden.<\/li>\n\n\n\n<li>Ihre Reise zu analysieren und ein Profil zu erstellen, um Ihre Pr\u00e4ferenzen zu verstehen, zu antizipieren und zu bewerten, damit wir Ihnen Angebote unterbreiten k\u00f6nnen, die Ihren Erwartungen entsprechen. Im Rahmen dieser Verarbeitung k\u00f6nnen Ihre pers\u00f6nlichen Daten an unsere technischen Dienstleister weitergegeben werden. F\u00fcr diese Analysen werden Sie um Ihre vorherige Zustimmung gebeten.  <\/li>\n\n\n\n<li>Einhaltung des Rechts und Beantwortung eventueller Anfragen von Gerichten, Sicherstellung der Einhaltung der AGB, Benachrichtigung der Beh\u00f6rden im Falle von gesetzeswidrigen Handlungen und Schutz unserer Rechte im Falle von Nachteilen oder Sch\u00e4den.<\/li>\n<\/ul>\n\n\n\n<p class=\"ls-paragraph\">Die Daten \u00fcber den Nutzer, die von Man\u00e9 Guernehu\u00e9 gesammelt werden k\u00f6nnen, sind die folgenden:<\/p>\n\n\n\n<ul class=\"ls-list ls-list-undefined wp-block-list\">\n<li>Ihre Kontaktdaten: Name, Vorname, Geburtsdatum, Geburtsorte, Privatadresse, E-Mail-Adresse, Telefon- und Faxnummer, Handynummer, Personalausweisnummer, Autokennzeichen<\/li>\n\n\n\n<li>Informationen \u00fcber Begleitpersonen: Name, Vorname, Geburtsdatum und -ort, f\u00fcr die Sie sich verpflichten, die vorherige Zustimmung einzuholen.<\/li>\n\n\n\n<li>Kommerzielle Informationen: Abonnement des Newsletters, kommerzielle Push-SMS, Erhalt von Partnerangeboten<\/li>\n\n\n\n<li>Zahlungsinformationen (Zahlungsmethode, gezahlter Betrag)<\/li>\n\n\n\n<li>Der Austausch mit uns per Post, E-Mail, Chat, Telefonanrufe oder \u00fcber soziale Netzwerke, Antworten auf Zufriedenheitsbefragungen.<\/li>\n\n\n\n<li>Informationen \u00fcber Ihre Nutzung unserer Webseite und\/oder mobilen Anwendung<\/li>\n\n\n\n<li>Informationen \u00fcber Ihre Bewerbungen auf unserer Jobb\u00f6rse (Lebenslauf, Bewerbungsschreiben, Foto)<\/li>\n<\/ul>\n\n\n\n<p class=\"ls-paragraph\">Man\u00e9 Guernehu\u00e9 verpflichtet sich, alle vom Nutzer anvertrauten pers\u00f6nlichen Informationen unter Einhaltung der Bestimmungen des franz\u00f6sischen Datenschutzgesetzes zu verarbeiten und zu speichern, und zwar ausschlie\u00dflich, um den Nutzer \u00fcber die Neuigkeiten von Man\u00e9 Guernehu\u00e9 auf dem Laufenden zu halten und ihn vorrangig von Angeboten f\u00fcr Waren und Dienstleistungen profitieren zu lassen, die mit der T\u00e4tigkeit des Campingplatzes Man\u00e9 Guernehu\u00e9 in Zusammenhang stehen.<\/p>\n\n\n\n<p class=\"ls-paragraph\"><strong>3- Datenaufbewahrung und Sicherheit<\/strong><br\/>Die Daten werden nicht l\u00e4nger aufbewahrt, als es f\u00fcr die Zwecke, f\u00fcr die sie gesammelt wurden, erforderlich ist:<\/p>\n\n\n\n<p class=\"ls-paragraph\">F\u00fcr die Verwaltung des Newsletter-Abonnements werden die Daten so lange gespeichert, wie das Abonnement aktiv ist, und alle Daten werden innerhalb von 2 Monaten nach der Abmeldung eines Nutzers gel\u00f6scht;<\/p>\n\n\n\n<p class=\"ls-paragraph\">Pers\u00f6nliche Daten \u00fcber Buchungen werden l\u00e4nger aufbewahrt, um gesetzlichen Verpflichtungen nachzukommen (z.B. Steuer-, Verkaufs- und Garantiebestimmungen).<\/p>\n\n\n\n<p class=\"ls-paragraph\">Alle anderen Daten werden innerhalb von 2 Jahren aufbewahrt.<\/p>\n\n\n\n<p class=\"ls-paragraph\">Man\u00e9 Guernehu\u00e9 hat sich bem\u00fcht, alle notwendigen Vorsichtsma\u00dfnahmen zu treffen, um die Vertraulichkeit und Sicherheit der verarbeiteten pers\u00f6nlichen Daten zu gew\u00e4hrleisten und zu verhindern, dass sie verzerrt, besch\u00e4digt oder zerst\u00f6rt werden oder dass unbefugte Dritte<br\/>Zugang zu ihnen erhalten.<\/p>\n\n\n\n<p class=\"ls-paragraph\">Um Ihre Daten zu sch\u00fctzen, wurde ein strenges Sicherheitsverfahren eingef\u00fchrt. Die verwendeten Daten werden verschl\u00fcsselt und mit dem SSL-Protokoll (Secure Socket Layer) gesch\u00fctzt, damit sie sicher verwaltet und \u00fcber eine gesicherte Verbindung \u00fcber ein dediziertes Netzwerk \u00fcbertragen werden k\u00f6nnen. <\/p>\n\n\n\n<p class=\"ls-paragraph\">Ihre pers\u00f6nlichen Daten werden in Europa gespeichert und in einigen F\u00e4llen an Dritte weitergegeben, die sich in L\u00e4ndern au\u00dferhalb des EWR befinden, aber diese Datenschutzrichtlinie gem\u00e4\u00df den europ\u00e4ischen Datenschutzgesetzen einhalten.<br\/>Wir bitten sie, Ihre Informationen mit denselben Anforderungen zu behandeln, die bei Man\u00e9 Guernehu\u00e9 in \u00dcbereinstimmung mit der DSGVO gelten.<\/p>\n\n\n\n<p class=\"ls-paragraph\">Man\u00e9 Guernehu\u00e9 hat jedoch nicht alle Risiken im Zusammenhang mit dem Betrieb des Internets unter Kontrolle und weist die Nutzer auf die Existenz m\u00f6glicher Risiken hin, die mit der Nutzung und dem Betrieb des Internets verbunden sind.<\/p>\n\n\n\n<p class=\"ls-paragraph\">Der Datenschutzbeauftragte (DPO) der Kette Yelloh! Village, der auch der Campingplatz Man\u00e9 Guernehu\u00e9 angeh\u00f6rt, \u00fcberwacht die Einhaltung unserer Datenschutzpolitik. Sie k\u00f6nnen ihn im Falle einer Beschwerde unter dpo@yellohvillage.com kontaktieren.  <\/p>\n\n\n\n<p class=\"ls-paragraph\"><strong>4- Rechte der Nutzer<\/strong><br\/>Der Nutzer wird darauf hingewiesen, dass er gem\u00e4\u00df dem franz\u00f6sischen Datenschutzgesetz jederzeit das Recht auf Zugang, Aktualisierung, Berichtigung und L\u00f6schung seiner pers\u00f6nlichen Daten hat, indem er eine Anfrage (unter genauer Angabe des Zwecks<br\/>seiner Anfrage) per Internet an die folgende Adresse sendet:<\/p>\n\n\n\n<p class=\"ls-paragraph\"><a href=\"mailto:info@camping-baden.com\">info(@)camping-baden.com.com<\/a><\/p>\n\n\n\n<p class=\"ls-paragraph\">Oder per Post an die folgende Adresse:<br\/>Camping Man\u00e9 Guernehu\u00e9<br\/>52 rue Man\u00e9 er Gro\u00ebz<br\/>56870 Baden<\/p>\n\n\n\n<p class=\"ls-paragraph\">Camping Man\u00e9 Guernehu\u00e9 verpflichtet sich, diese innerhalb von sieben Werktagen zu bearbeiten.<\/p>\n\n\n\n<p class=\"ls-paragraph\">Der Nutzer wird darauf hingewiesen, dass er gem\u00e4\u00df Loi Informatique et Libert\u00e9s jederzeit das Recht hat, sich aus legitimen Gr\u00fcnden der Verarbeitung seiner personenbezogenen Daten zu widersetzen.<\/p>\n\n\n\n<p class=\"ls-paragraph\"><strong>5 &#8211; Cookies, Navigationsdaten und Lookatlisierung<\/strong><br\/>Beim Zugriff auf die Website und nach Zustimmung des Nutzers zur Fortsetzung der Navigation kann ein Cookie installiert und f\u00fcr eine maximale Dauer von 13 Monaten im Speicher oder auf der Festplatte des Nutzers gespeichert werden, um die Navigation zu erleichtern.<br\/>Ein Cookie identifiziert nicht, sondern ist ein Element, das dazu dient, Informationen \u00fcber die Navigation auf der Website zu speichern (die aufgerufenen Seiten, das Datum und die Uhrzeit der Konsultation usw.).<\/p>\n\n\n\n<p class=\"ls-paragraph\">Die ausgegebenen Cookies erm\u00f6glichen Folgendes<\/p>\n\n\n\n<ul class=\"ls-list ls-list-undefined wp-block-list\">\n<li>die Navigation auf der Website zu erleichtern, das Interesse und die Ergonomie der auf der Website abgerufenen Dienste zu verbessern und die Pr\u00e4sentation der Website anzupassen;<\/li>\n\n\n\n<li>Informationen \u00fcber ein Formular zu speichern, das der Nutzer auf der Website ausgef\u00fcllt hat (Registrierung oder Zugang zum Konto), oder \u00fcber Produkte, die er auf der Website ausgew\u00e4hlt hat (Inhalt eines Warenkorbs usw.);<\/li>\n\n\n\n<li>die Anzahl der Besuche auf der Website zu erfassen und dadurch Statistiken zu erstellen.<\/li>\n<\/ul>\n\n\n\n<p class=\"ls-paragraph\">Jeder Nutzer kann die Speicherung von Cookies ablehnen, indem er die Einstellungen seines Internetbrowsers \u00e4ndert. Dies f\u00fchrt jedoch zur L\u00f6schung aller vom Browser verwendeten Cookies, einschlie\u00dflich derer, die von anderen<br\/>Webseiten verwendet werden, was zur \u00c4nderung oder zum Verlust bestimmter Einstellungen oder Informationen f\u00fchren kann. Die L\u00f6schung von Cookies kann die Navigation auf der Website ver\u00e4ndern oder sogar erschweren.  <\/p>\n\n\n\n<p class=\"ls-paragraph\">F\u00fcr die Verwaltung von Cookies und die Wahlm\u00f6glichkeiten der Nutzer ist jeder Browser anders konfiguriert. Sie wird im Hilfemen\u00fc des Browsers beschrieben, wo der Nutzer erfahren kann, wie er seine W\u00fcnsche bez\u00fcglich<br\/>der Cookies \u00e4ndern kann. <\/p>\n\n\n\n<ul class=\"ls-list ls-list-undefined wp-block-list\">\n<li>F\u00fcr Internet Explorer\u2122: https: <a href=\"https:\/\/support.microsoft.com\/fr-fr\/help\/17442\/windows-internet-explorer-delete-manage-cookies\" target=\"_blank\" rel=\"noreferrer noopener\">\/\/support<\/a>.microsoft.com\/fr-fr\/help\/17442\/windows-internet-explorer-delete-manage-cookies,<\/li>\n\n\n\n<li>F\u00fcr Safari\u2122: https: <a href=\"https:\/\/support.apple.com\/fr-fr\/guide\/safari\/manage-cookies-and-website-data-sfri11471\/mac\" target=\"_blank\" rel=\"noreferrer noopener\">\/\/support<\/a>.apple.com\/fr-fr\/guide\/safari\/manage-cookies-and-website-data-sfri11471\/mac,<\/li>\n\n\n\n<li>F\u00fcr Chrome\u2122: https: <a href=\"https:\/\/support.google.com\/chrome\/answer\/2392709?hl=fr&amp;ref_topic=7438008\" target=\"_blank\" rel=\"noreferrer noopener\">\/\/support<\/a>.google.com\/chrome\/answer\/2392709?hl=fr&amp;ref_topic=7438008,<\/li>\n\n\n\n<li>F\u00fcr Firefox\u2122: https: <a href=\"https:\/\/support.mozilla.org\/fr\/kb\/activer-desactiver-cookies-preferences\" target=\"_blank\" rel=\"noreferrer noopener\">\/\/support<\/a>.mozilla.org\/fr\/kb\/activer-desactiver-cookies-preferences,<\/li>\n\n\n\n<li>F\u00fcr Opera\u2122: http: <a href=\"http:\/\/help.opera.com\/Windows\/10.20\/fr\/cookies.html\" target=\"_blank\" rel=\"noreferrer noopener\">\/\/help.opera.com\/Windows\/10.20\/fr\/cookies.html<\/a><\/li>\n<\/ul>\n\n\n\n<p class=\"ls-paragraph\">Deaktivierung von Online-Cookies :<\/p>\n\n\n\n<blockquote class=\"wp-block-quote is-layout-flow wp-block-quote-is-layout-flow\">\n<p class=\"ls-paragraph\"><strong>Cookie-Kategorie<\/strong> -&gt;<strong>Deaktivierungsm\u00f6glichkeiten<\/strong><br\/>Analytische und Leistungs-Cookies -&gt;<a href=\"https:\/\/tools.google.com\/dlpage\/gaoptout?hl=fr\" target=\"_blank\" rel=\"noreferrer noopener\">Google Analytics<\/a><br\/>Cookies von sozialen Netzwerken -&gt; <a href=\"https:\/\/www.facebook.com\/policies\/cookies\/\" target=\"_blank\" rel=\"noreferrer noopener\">Facebook<\/a>, <a href=\"https:\/\/help.instagram.com\/1896641480634370?ref=ig\" target=\"_blank\" rel=\"noreferrer noopener\">Instagram<\/a>, <a href=\"https:\/\/help.twitter.com\/fr\/rules-and-policies\/twitter-cookies\" target=\"_blank\" rel=\"noreferrer noopener\">Twitter<\/a>, <a href=\"https:\/\/support.google.com\/youtube\/answer\/32050?hl=fr&amp;co=GENIE.Platform%3DDesktop\" target=\"_blank\" rel=\"noreferrer noopener\">YouTube<\/a><\/p>\n<\/blockquote>\n\n\n\n<p class=\"ls-paragraph\">Nutzung von Online-Plattformen zur Kontrolle von Werbe-Cookies :<\/p>\n\n\n\n<p class=\"ls-paragraph\">Besuchen Sie die Website Youronlinechoices, die von den in der European Digital Advertising Alliance ( <a href=\"http:\/\/www.youronlinechoices.com\/fr\/controler-ses-cookies\/\" target=\"_blank\" rel=\"noreferrer noopener\">EDAA<\/a> ) zusammengeschlossenen Fachleuten f\u00fcr digitale Werbung angeboten wird, um Cookies abzulehnen oder zu akzeptieren, die von den Werbefachleuten, die dieser Vereinigung angeh\u00f6ren, verwendet werden.<\/p>\n\n\n\n<p class=\"ls-paragraph\">Bitte beachten Sie, dass die L\u00f6schung von Cookies die Navigation auf der Website ver\u00e4ndern oder sogar erschweren kann.<\/p>\n<\/div>\n<\/div>\n\n\r\n    <\/div>\r\n<\/section>","protected":false},"excerpt":{"rendered":"","protected":false},"author":1,"featured_media":6145,"parent":0,"menu_order":0,"comment_status":"closed","ping_status":"open","template":"","meta":{"_acf_changed":false,"footnotes":""},"sujet":[],"class_list":["post-10891","page","type-page","status-publish","has-post-thumbnail","hentry"],"acf":[],"yoast_head":"<!-- This site is optimized with the Yoast SEO plugin v25.3 - https:\/\/yoast.com\/wordpress\/plugins\/seo\/ -->\n<title>Datenschutzrichtlinie - Man\u00e9 Guernehu\u00e9<\/title>\n<meta name=\"robots\" content=\"noindex, nofollow\" \/>\n<meta property=\"og:locale\" content=\"de_DE\" \/>\n<meta property=\"og:type\" content=\"article\" \/>\n<meta property=\"og:title\" content=\"Datenschutzrichtlinie - Man\u00e9 Guernehu\u00e9\" \/>\n<meta property=\"og:url\" content=\"https:\/\/www.camping-baden.com\/de\/datenschutzerklarung\/\" \/>\n<meta property=\"og:site_name\" content=\"Man\u00e9 Guernehu\u00e9\" \/>\n<meta property=\"article:modified_time\" content=\"2024-10-30T15:25:59+00:00\" \/>\n<meta property=\"og:image\" content=\"https:\/\/www.camping-baden.com\/wp-content\/uploads\/2024\/09\/equipe-caming-golfe-morbihan-baden.webp\" \/>\n\t<meta property=\"og:image:width\" content=\"2000\" \/>\n\t<meta property=\"og:image:height\" content=\"956\" \/>\n\t<meta property=\"og:image:type\" content=\"image\/webp\" \/>\n<meta name=\"twitter:card\" content=\"summary_large_image\" \/>\n<meta name=\"twitter:label1\" content=\"Gesch\u00e4tzte Lesezeit\" \/>\n\t<meta name=\"twitter:data1\" content=\"8\u00a0Minuten\" \/>\n<script type=\"application\/ld+json\" class=\"yoast-schema-graph\">{\"@context\":\"https:\/\/schema.org\",\"@graph\":[{\"@type\":\"WebPage\",\"@id\":\"https:\/\/www.camping-baden.com\/de\/datenschutzerklarung\/\",\"url\":\"https:\/\/www.camping-baden.com\/de\/datenschutzerklarung\/\",\"name\":\"Datenschutzrichtlinie - Man\u00e9 Guernehu\u00e9\",\"isPartOf\":{\"@id\":\"https:\/\/www.camping-baden.com\/de\/#website\"},\"primaryImageOfPage\":{\"@id\":\"https:\/\/www.camping-baden.com\/de\/datenschutzerklarung\/#primaryimage\"},\"image\":{\"@id\":\"https:\/\/www.camping-baden.com\/de\/datenschutzerklarung\/#primaryimage\"},\"thumbnailUrl\":\"https:\/\/www.camping-baden.com\/wp-content\/uploads\/2024\/09\/equipe-caming-golfe-morbihan-baden.webp\",\"datePublished\":\"2024-08-26T10:05:34+00:00\",\"dateModified\":\"2024-10-30T15:25:59+00:00\",\"breadcrumb\":{\"@id\":\"https:\/\/www.camping-baden.com\/de\/datenschutzerklarung\/#breadcrumb\"},\"inLanguage\":\"de\",\"potentialAction\":[{\"@type\":\"ReadAction\",\"target\":[\"https:\/\/www.camping-baden.com\/de\/datenschutzerklarung\/\"]}]},{\"@type\":\"ImageObject\",\"inLanguage\":\"de\",\"@id\":\"https:\/\/www.camping-baden.com\/de\/datenschutzerklarung\/#primaryimage\",\"url\":\"https:\/\/www.camping-baden.com\/wp-content\/uploads\/2024\/09\/equipe-caming-golfe-morbihan-baden.webp\",\"contentUrl\":\"https:\/\/www.camping-baden.com\/wp-content\/uploads\/2024\/09\/equipe-caming-golfe-morbihan-baden.webp\",\"width\":2000,\"height\":956,\"caption\":\"caming team golf morbihan baden\"},{\"@type\":\"BreadcrumbList\",\"@id\":\"https:\/\/www.camping-baden.com\/de\/datenschutzerklarung\/#breadcrumb\",\"itemListElement\":[{\"@type\":\"ListItem\",\"position\":1,\"name\":\"Camping Golfe du Morbihan\",\"item\":\"https:\/\/www.camping-baden.com\/de\/\"},{\"@type\":\"ListItem\",\"position\":2,\"name\":\"Datenschutzrichtlinie\"}]},{\"@type\":\"WebSite\",\"@id\":\"https:\/\/www.camping-baden.com\/de\/#website\",\"url\":\"https:\/\/www.camping-baden.com\/de\/\",\"name\":\"Man\u00e9 Guernehu\u00e9\",\"description\":\"\",\"publisher\":{\"@id\":\"https:\/\/www.camping-baden.com\/de\/#organization\"},\"potentialAction\":[{\"@type\":\"SearchAction\",\"target\":{\"@type\":\"EntryPoint\",\"urlTemplate\":\"https:\/\/www.camping-baden.com\/de\/?s={search_term_string}\"},\"query-input\":{\"@type\":\"PropertyValueSpecification\",\"valueRequired\":true,\"valueName\":\"search_term_string\"}}],\"inLanguage\":\"de\"},{\"@type\":\"Organization\",\"@id\":\"https:\/\/www.camping-baden.com\/de\/#organization\",\"name\":\"Man\u00e9 Guernehu\u00e9\",\"url\":\"https:\/\/www.camping-baden.com\/de\/\",\"logo\":{\"@type\":\"ImageObject\",\"inLanguage\":\"de\",\"@id\":\"https:\/\/www.camping-baden.com\/de\/#\/schema\/logo\/image\/\",\"url\":\"https:\/\/www.camping-baden.com\/wp-content\/uploads\/2024\/08\/logo-camping-mane-guernehue.png\",\"contentUrl\":\"https:\/\/www.camping-baden.com\/wp-content\/uploads\/2024\/08\/logo-camping-mane-guernehue.png\",\"width\":1000,\"height\":450,\"caption\":\"Man\u00e9 Guernehu\u00e9\"},\"image\":{\"@id\":\"https:\/\/www.camping-baden.com\/de\/#\/schema\/logo\/image\/\"}}]}<\/script>\n<!-- \/ Yoast SEO plugin. -->","yoast_head_json":{"title":"Datenschutzrichtlinie - Man\u00e9 Guernehu\u00e9","robots":{"index":"noindex","follow":"nofollow"},"og_locale":"de_DE","og_type":"article","og_title":"Datenschutzrichtlinie - Man\u00e9 Guernehu\u00e9","og_url":"https:\/\/www.camping-baden.com\/de\/datenschutzerklarung\/","og_site_name":"Man\u00e9 Guernehu\u00e9","article_modified_time":"2024-10-30T15:25:59+00:00","og_image":[{"width":2000,"height":956,"url":"https:\/\/www.camping-baden.com\/wp-content\/uploads\/2024\/09\/equipe-caming-golfe-morbihan-baden.webp","type":"image\/webp"}],"twitter_card":"summary_large_image","twitter_misc":{"Gesch\u00e4tzte Lesezeit":"8\u00a0Minuten"},"schema":{"@context":"https:\/\/schema.org","@graph":[{"@type":"WebPage","@id":"https:\/\/www.camping-baden.com\/de\/datenschutzerklarung\/","url":"https:\/\/www.camping-baden.com\/de\/datenschutzerklarung\/","name":"Datenschutzrichtlinie - Man\u00e9 Guernehu\u00e9","isPartOf":{"@id":"https:\/\/www.camping-baden.com\/de\/#website"},"primaryImageOfPage":{"@id":"https:\/\/www.camping-baden.com\/de\/datenschutzerklarung\/#primaryimage"},"image":{"@id":"https:\/\/www.camping-baden.com\/de\/datenschutzerklarung\/#primaryimage"},"thumbnailUrl":"https:\/\/www.camping-baden.com\/wp-content\/uploads\/2024\/09\/equipe-caming-golfe-morbihan-baden.webp","datePublished":"2024-08-26T10:05:34+00:00","dateModified":"2024-10-30T15:25:59+00:00","breadcrumb":{"@id":"https:\/\/www.camping-baden.com\/de\/datenschutzerklarung\/#breadcrumb"},"inLanguage":"de","potentialAction":[{"@type":"ReadAction","target":["https:\/\/www.camping-baden.com\/de\/datenschutzerklarung\/"]}]},{"@type":"ImageObject","inLanguage":"de","@id":"https:\/\/www.camping-baden.com\/de\/datenschutzerklarung\/#primaryimage","url":"https:\/\/www.camping-baden.com\/wp-content\/uploads\/2024\/09\/equipe-caming-golfe-morbihan-baden.webp","contentUrl":"https:\/\/www.camping-baden.com\/wp-content\/uploads\/2024\/09\/equipe-caming-golfe-morbihan-baden.webp","width":2000,"height":956,"caption":"caming team golf morbihan baden"},{"@type":"BreadcrumbList","@id":"https:\/\/www.camping-baden.com\/de\/datenschutzerklarung\/#breadcrumb","itemListElement":[{"@type":"ListItem","position":1,"name":"Camping Golfe du Morbihan","item":"https:\/\/www.camping-baden.com\/de\/"},{"@type":"ListItem","position":2,"name":"Datenschutzrichtlinie"}]},{"@type":"WebSite","@id":"https:\/\/www.camping-baden.com\/de\/#website","url":"https:\/\/www.camping-baden.com\/de\/","name":"Man\u00e9 Guernehu\u00e9","description":"","publisher":{"@id":"https:\/\/www.camping-baden.com\/de\/#organization"},"potentialAction":[{"@type":"SearchAction","target":{"@type":"EntryPoint","urlTemplate":"https:\/\/www.camping-baden.com\/de\/?s={search_term_string}"},"query-input":{"@type":"PropertyValueSpecification","valueRequired":true,"valueName":"search_term_string"}}],"inLanguage":"de"},{"@type":"Organization","@id":"https:\/\/www.camping-baden.com\/de\/#organization","name":"Man\u00e9 Guernehu\u00e9","url":"https:\/\/www.camping-baden.com\/de\/","logo":{"@type":"ImageObject","inLanguage":"de","@id":"https:\/\/www.camping-baden.com\/de\/#\/schema\/logo\/image\/","url":"https:\/\/www.camping-baden.com\/wp-content\/uploads\/2024\/08\/logo-camping-mane-guernehue.png","contentUrl":"https:\/\/www.camping-baden.com\/wp-content\/uploads\/2024\/08\/logo-camping-mane-guernehue.png","width":1000,"height":450,"caption":"Man\u00e9 Guernehu\u00e9"},"image":{"@id":"https:\/\/www.camping-baden.com\/de\/#\/schema\/logo\/image\/"}}]}},"_links":{"self":[{"href":"https:\/\/www.camping-baden.com\/de\/wp-json\/wp\/v2\/pages\/10891","targetHints":{"allow":["GET"]}}],"collection":[{"href":"https:\/\/www.camping-baden.com\/de\/wp-json\/wp\/v2\/pages"}],"about":[{"href":"https:\/\/www.camping-baden.com\/de\/wp-json\/wp\/v2\/types\/page"}],"author":[{"embeddable":true,"href":"https:\/\/www.camping-baden.com\/de\/wp-json\/wp\/v2\/users\/1"}],"replies":[{"embeddable":true,"href":"https:\/\/www.camping-baden.com\/de\/wp-json\/wp\/v2\/comments?post=10891"}],"version-history":[{"count":1,"href":"https:\/\/www.camping-baden.com\/de\/wp-json\/wp\/v2\/pages\/10891\/revisions"}],"predecessor-version":[{"id":10892,"href":"https:\/\/www.camping-baden.com\/de\/wp-json\/wp\/v2\/pages\/10891\/revisions\/10892"}],"wp:featuredmedia":[{"embeddable":true,"href":"https:\/\/www.camping-baden.com\/de\/wp-json\/wp\/v2\/media\/6145"}],"wp:attachment":[{"href":"https:\/\/www.camping-baden.com\/de\/wp-json\/wp\/v2\/media?parent=10891"}],"wp:term":[{"taxonomy":"sujet","embeddable":true,"href":"https:\/\/www.camping-baden.com\/de\/wp-json\/wp\/v2\/sujet?post=10891"}],"curies":[{"name":"wp","href":"https:\/\/api.w.org\/{rel}","templated":true}]}}